{"id":9401,"date":"2025-03-18T13:15:29","date_gmt":"2025-03-18T12:15:29","guid":{"rendered":"https:\/\/BRINKVANG%20ApS%20ApS.webserver9.dk\/kunder-og-samarbejdspartnere\/"},"modified":"2025-07-01T09:28:16","modified_gmt":"2025-07-01T07:28:16","slug":"kunder-og-samarbejdspartnere","status":"publish","type":"page","link":"https:\/\/brinkvang.com\/da\/kunder-og-samarbejdspartnere\/","title":{"rendered":"Kunder &#038; samarbejdspartnere"},"content":{"rendered":"\t\t<div data-elementor-type=\"wp-page\" data-elementor-id=\"9401\" class=\"elementor elementor-9401\" data-elementor-post-type=\"page\">\n\t\t\t\t<div class=\"elementor-element elementor-element-6347eecf e-con-full no-padding e-flex e-con e-parent\" data-id=\"6347eecf\" data-element_type=\"container\">\n\t\t\t\t<div class=\"elementor-element elementor-element-196ca1d3 elementor-widget elementor-widget-template\" data-id=\"196ca1d3\" data-element_type=\"widget\" data-widget_type=\"template.default\">\n\t\t\t\t<div class=\"elementor-widget-container\">\n\t\t\t\t\t\t\t<div class=\"elementor-template\">\n\t\t\t\t\t<div data-elementor-type=\"container\" data-elementor-id=\"6563\" class=\"elementor elementor-6563\" data-elementor-post-type=\"elementor_library\">\n\t\t\t\t<div class=\"elementor-element elementor-element-6b499f1f e-con-full no-padding e-flex e-con e-parent\" data-id=\"6b499f1f\" data-element_type=\"container\">\n\t\t\t\t<div class=\"elementor-element elementor-element-1ecbb66 elementor-widget elementor-widget-template\" data-id=\"1ecbb66\" data-element_type=\"widget\" data-widget_type=\"template.default\">\n\t\t\t\t<div class=\"elementor-widget-container\">\n\t\t\t\t\t\t\t<div class=\"elementor-template\">\n\t\t\t\t\t<div data-elementor-type=\"container\" data-elementor-id=\"6542\" class=\"elementor elementor-6542\" data-elementor-post-type=\"elementor_library\">\n\t\t\t\t<div class=\"elementor-element elementor-element-2bc4b5ab white e-flex e-con-boxed e-con e-parent\" data-id=\"2bc4b5ab\" data-element_type=\"container\" data-settings=\"{&quot;background_background&quot;:&quot;classic&quot;}\">\n\t\t\t\t\t<div class=\"e-con-inner\">\n\t\t\t\t<div class=\"elementor-element elementor-element-1d645c29 elementor-icon-list--layout-inline elementor-align-center elementor-list-item-link-full_width elementor-widget elementor-widget-icon-list\" data-id=\"1d645c29\" data-element_type=\"widget\" data-widget_type=\"icon-list.default\">\n\t\t\t\t<div class=\"elementor-widget-container\">\n\t\t\t\t\t\t\t<ul class=\"elementor-icon-list-items elementor-inline-items\">\n\t\t\t\t\t\t\t<li class=\"elementor-icon-list-item elementor-inline-item\">\n\t\t\t\t\t\t\t\t\t\t<span class=\"elementor-icon-list-text\"><a href=\"tel:+45 30 43 96 18\" aria-label=\"Telefon nummer\">+45 30 43 96 18<\/a><\/span>\n\t\t\t\t\t\t\t\t\t<\/li>\n\t\t\t\t\t\t\t\t<li class=\"elementor-icon-list-item elementor-inline-item\">\n\t\t\t\t\t\t\t\t\t\t<span class=\"elementor-icon-list-text\"><a href=\"mailto:brinkvang@brinkvang.com\" aria-label=\"Email adresse\">brinkvang@brinkvang.com<\/a><\/span>\n\t\t\t\t\t\t\t\t\t<\/li>\n\t\t\t\t\t\t<\/ul>\n\t\t\t\t\t\t<\/div>\n\t\t\t\t<\/div>\n\t\t\t\t\t<\/div>\n\t\t\t\t<\/div>\n\t\t\t\t<\/div>\n\t\t\t\t<\/div>\n\t\t\t\t\t\t<\/div>\n\t\t\t\t<\/div>\n\t\t\t\t<\/div>\n\t\t\t\t<\/div>\n\t\t\t\t<\/div>\n\t\t\t\t\t\t<\/div>\n\t\t\t\t<\/div>\n\t\t\t\t<\/div>\n\t\t<div class=\"elementor-element elementor-element-7c471e5b e-flex e-con-boxed e-con e-parent\" data-id=\"7c471e5b\" data-element_type=\"container\">\n\t\t\t\t\t<div class=\"e-con-inner\">\n\t\t<div class=\"elementor-element elementor-element-2ba9c55 e-con-full e-flex e-con e-child\" data-id=\"2ba9c55\" data-element_type=\"container\">\n\t\t\t\t<div class=\"elementor-element elementor-element-7c20be25 elementor-widget elementor-widget-text-editor\" data-id=\"7c20be25\" data-element_type=\"widget\" data-widget_type=\"text-editor.default\">\n\t\t\t\t<div class=\"elementor-widget-container\">\n\t\t\t\t\t\t\t\t\t<p><strong>Kunder:<\/strong><\/p>\n<p><a href=\"https:\/\/www.hartmann-packaging.com\" target=\"_blank\" rel=\"noopener\">Hartmann Packaging A\/S,<\/a>&nbsp; <a href=\"https:\/\/www.arla.dk\/\" data-type=\"link\" data-id=\"https:\/\/www.arla.dk\/\">Arla Foods<\/a>&nbsp;i Esbjerg,&nbsp;<a href=\"https:\/\/airlaid.dk\/\" data-type=\"link\" data-id=\"https:\/\/airlaid.dk\/\">Airlaid ApS<\/a>,&nbsp;<a href=\"https:\/\/www.hodk.com\/\">House of Denmark<\/a>&nbsp;og udvides l\u00f8bende!&nbsp;<\/p>\n<p>Freelance, Kontrakt, Interim konsulent og sparringspartner hos:<\/p>\n<p><a href=\"https:\/\/creadis.com\/\" data-type=\"link\" data-id=\"https:\/\/creadis.com\/\">DIS Creadis<\/a>,&nbsp;<a href=\"https:\/\/www.sptvilecon.com\/\" data-type=\"link\" data-id=\"https:\/\/www.sptvilecon.com\/\">SPT Vilecon<\/a>,&nbsp;<a href=\"https:\/\/nordicinterim.dk\/\" data-type=\"link\" data-id=\"https:\/\/nordicinterim.dk\/\">Nordic Interim<\/a>,&nbsp;<a href=\"https:\/\/brightmill.dk\/\" data-type=\"link\" data-id=\"https:\/\/brightmill.dk\/\">Brightmill<\/a>,&nbsp;<a href=\"https:\/\/processintegration.dk\/\" data-type=\"link\" data-id=\"https:\/\/processintegration.dk\/\">Process Integration<\/a>,&nbsp;<a href=\"https:\/\/idoc.as\/\" data-type=\"link\" data-id=\"https:\/\/idoc.as\">idoc Consulting<\/a>,&nbsp;<a href=\"https:\/\/www.hays.dk\/\" data-type=\"link\" data-id=\"https:\/\/www.hays.dk\/\">Hays Specialist Recruitment<\/a>,&nbsp;<a href=\"https:\/\/www.verenagroup.com\/\">Verena Group<\/a>,&nbsp;<a href=\"https:\/\/empathytalent.com\/\">Empathy talent<\/a> og <a href=\"https:\/\/www.mn-consulting.dk\/\">M&amp;N Consulting<\/a><\/p>\n<p>Senior Advisor hos&nbsp;<a href=\"https:\/\/sam-int.com\/da\" data-type=\"link\" data-id=\"https:\/\/sam-int.com\/da\">SAM International<\/a>&nbsp;som teknisk proces knowhow, support og sparring samt projektledelse og\/eller interim ans\u00e6ttelse<\/p>\n<p>Underviser hos&nbsp;<a href=\"https:\/\/www.ddv.org\/\" data-type=\"link\" data-id=\"https:\/\/www.ddv.org\/\">DDV \u2013 Den Danske Vedligeholdsforening<\/a><\/p>\n<p>Sparringspartner og r\u00e5dgiver i mit erhvervsnetv\u00e6rk gennem Business Vejle og Middelfart Sparekasse<\/p>\n<p>Bestyrelsesudannelse og -arbejde, -kandidat og -medlem ved <a href=\"https:\/\/boardnetwork.dk\/\" target=\"_blank\" rel=\"noopener\">Board Network<\/a><\/p>\n<p>Foredragsholder om at starte firma op og erhverve sig som selvst\u00e6ndig teknisk konsulent, l\u00e6s mere via link:<\/p>\n<p>Opstart af firma <strong>BRINKVANG ApS<\/strong> selvst\u00e6ndig teknisk konsulent &#8211; <a href=\"https:\/\/www.linkedin.com\/posts\/niels-jacob-brinkvang_brinkvangcom-activity-7081519403204276224-R-Mz\/?utm_source=share&amp;utm_medium=member_desktop\">L\u00e6s mere<\/a><\/p>\n<p>Historien bag logoet for mit firma&nbsp;<strong>BRINKVANG ApS selvst\u00e6ndig teknisk konsulent<\/strong>&nbsp;&#8211; <a href=\"https:\/\/www.linkedin.com\/feed\/update\/urn:li:activity:7199641824435613696\">L\u00e6s mere<\/a>&nbsp;<\/p>\n<p>BREAKING NEWS \u2013 Nye tider, nye muligheder, da jeg pr. 1. juni 2023 startet som selvst\u00e6ndig \u201d<strong>Teknisk konsulent \u2013 Interim \u2013 Kontrakt \u2013 Freelance<\/strong>\u201d i mit eget firma:&nbsp;<strong>BRINKVANG ApS &#8211; <\/strong><a href=\"https:\/\/www.linkedin.com\/feed\/update\/urn:li:activity:7081519342927929344\/\">L\u00e6s mere<\/a><\/p>\n<p>Efter 12 m\u00e5neder blev det en realitet, at\u202fBRINKVANG\u202fblev til\u202fBRINKVANG APS &#8211; <a href=\"https:\/\/www.linkedin.com\/feed\/update\/urn:li:activity:7212333540510736385\">L\u00e6s mere<\/a><\/p>\t\t\t\t\t\t\t\t<\/div>\n\t\t\t\t<\/div>\n\t\t\t\t<\/div>\n\t\t<div class=\"elementor-element elementor-element-4483ddfd e-con-full e-flex e-con e-child\" data-id=\"4483ddfd\" data-element_type=\"container\">\n\t\t\t\t<div class=\"elementor-element elementor-element-239a51de dark elementor-widget elementor-widget-sidebar\" data-id=\"239a51de\" data-element_type=\"widget\" data-widget_type=\"sidebar.default\">\n\t\t\t\t<div class=\"elementor-widget-container\">\n\t\t\t\t\t<aside id=\"text-10\" class=\"widget-odd widget-first widget-1 widget inner-padding widget_text\"><h2 class=\"widget-title\">Vil du h\u00f8re mere?<\/h2>\t\t\t<div class=\"textwidget\"><p>Udfyld formularen og jeg vender tilbage til dig hurtigst muligt.<\/p>\n<\/div>\n\t\t<\/aside><aside id=\"forminator_widget-2\" class=\"widget-even widget-2 widget inner-padding widget_forminator_widget\"><form id=\"forminator-module-66\" class=\"forminator-custom-form forminator-custom-form-66\" method=\"post\" data-forminator-render=\"0\" data-uid=\"69f35299e9293\"><div role=\"alert\" aria-live=\"polite\" class=\"forminator-response-message forminator-error\" aria-hidden=\"true\"><\/div><\/form><\/aside>\t\t\t\t<\/div>\n\t\t\t\t<\/div>\n\t\t\t\t<\/div>\n\t\t\t\t\t<\/div>\n\t\t\t\t<\/div>\n\t\t<div class=\"elementor-element elementor-element-13367f2 light e-flex e-con-boxed e-con e-parent\" data-id=\"13367f2\" data-element_type=\"container\">\n\t\t\t\t\t<div class=\"e-con-inner\">\n\t\t<div class=\"elementor-element elementor-element-c9a31b0 e-con-full e-flex e-con e-child\" data-id=\"c9a31b0\" data-element_type=\"container\">\n\t\t\t\t<div class=\"elementor-element elementor-element-f6e7217 elementor-cta--skin-cover elementor-widget__width-inherit elementor-cta--valign-top elementor-bg-transform elementor-bg-transform-zoom-in elementor-widget elementor-widget-call-to-action\" data-id=\"f6e7217\" data-element_type=\"widget\" data-widget_type=\"call-to-action.default\">\n\t\t\t\t<div class=\"elementor-widget-container\">\n\t\t\t\t\t\t\t<a class=\"elementor-cta\" href=\"https:\/\/brinkvang.com\/da\/salgsbrev\/\">\n\t\t\t\t\t<div class=\"elementor-cta__bg-wrapper\">\n\t\t\t\t<div class=\"elementor-cta__bg elementor-bg\" style=\"background-image: url(https:\/\/brinkvang.com\/wp-content\/uploads\/2025\/03\/GettyImages-2166573931.jpg);\" role=\"img\" aria-label=\"Reflection Of People On Glass Window\"><\/div>\n\t\t\t\t<div class=\"elementor-cta__bg-overlay\"><\/div>\n\t\t\t<\/div>\n\t\t\t\t\t\t\t<div class=\"elementor-cta__content\">\n\t\t\t\t\n\t\t\t\t\t\t\t\t\t<h4 class=\"elementor-cta__title elementor-cta__content-item elementor-content-item\">\n\t\t\t\t\t\tSalgsbrev\t\t\t\t\t<\/h4>\n\t\t\t\t\n\t\t\t\t\n\t\t\t\t\t\t\t<\/div>\n\t\t\t\t\t\t<\/a>\n\t\t\t\t\t\t<\/div>\n\t\t\t\t<\/div>\n\t\t\t\t<\/div>\n\t\t<div class=\"elementor-element elementor-element-1240cc0 e-con-full e-flex e-con e-child\" data-id=\"1240cc0\" data-element_type=\"container\">\n\t\t\t\t<div class=\"elementor-element elementor-element-a83e33a elementor-cta--skin-cover elementor-widget__width-inherit elementor-cta--valign-top elementor-bg-transform elementor-bg-transform-zoom-in elementor-widget elementor-widget-call-to-action\" data-id=\"a83e33a\" data-element_type=\"widget\" data-widget_type=\"call-to-action.default\">\n\t\t\t\t<div class=\"elementor-widget-container\">\n\t\t\t\t\t\t\t<a class=\"elementor-cta\" href=\"https:\/\/brinkvang.com\/da\/kunder-og-samarbejdspartnere\/\">\n\t\t\t\t\t<div class=\"elementor-cta__bg-wrapper\">\n\t\t\t\t<div class=\"elementor-cta__bg elementor-bg\" style=\"background-image: url(https:\/\/brinkvang.com\/wp-content\/uploads\/2025\/03\/GettyImages-1916729901.jpg);\" role=\"img\" aria-label=\"Meeting success. Two business persons shaking hands standing outside\"><\/div>\n\t\t\t\t<div class=\"elementor-cta__bg-overlay\"><\/div>\n\t\t\t<\/div>\n\t\t\t\t\t\t\t<div class=\"elementor-cta__content\">\n\t\t\t\t\n\t\t\t\t\t\t\t\t\t<h4 class=\"elementor-cta__title elementor-cta__content-item elementor-content-item\">\n\t\t\t\t\t\tKunder \/ samarbejds<wbr>partnere\t\t\t\t\t<\/h4>\n\t\t\t\t\n\t\t\t\t\n\t\t\t\t\t\t\t<\/div>\n\t\t\t\t\t\t<\/a>\n\t\t\t\t\t\t<\/div>\n\t\t\t\t<\/div>\n\t\t\t\t<\/div>\n\t\t<div class=\"elementor-element elementor-element-6a54056 e-con-full e-flex e-con e-child\" data-id=\"6a54056\" data-element_type=\"container\">\n\t\t\t\t<div class=\"elementor-element elementor-element-fc6d2b3 elementor-cta--skin-cover elementor-widget__width-inherit elementor-cta--valign-top elementor-bg-transform elementor-bg-transform-zoom-in elementor-widget elementor-widget-call-to-action\" data-id=\"fc6d2b3\" data-element_type=\"widget\" data-widget_type=\"call-to-action.default\">\n\t\t\t\t<div class=\"elementor-widget-container\">\n\t\t\t\t\t\t\t<a class=\"elementor-cta\" href=\"https:\/\/brinkvang.com\/da\/one-pager\/\">\n\t\t\t\t\t<div class=\"elementor-cta__bg-wrapper\">\n\t\t\t\t<div class=\"elementor-cta__bg elementor-bg\" style=\"background-image: url(https:\/\/brinkvang.com\/wp-content\/uploads\/2025\/03\/GettyImages-1291968449.jpg);\" role=\"img\" aria-label=\"A worker in a factory working on a traditional milling machine\"><\/div>\n\t\t\t\t<div class=\"elementor-cta__bg-overlay\"><\/div>\n\t\t\t<\/div>\n\t\t\t\t\t\t\t<div class=\"elementor-cta__content\">\n\t\t\t\t\n\t\t\t\t\t\t\t\t\t<h4 class=\"elementor-cta__title elementor-cta__content-item elementor-content-item\">\n\t\t\t\t\t\tOne-pager\t\t\t\t\t<\/h4>\n\t\t\t\t\n\t\t\t\t\n\t\t\t\t\t\t\t<\/div>\n\t\t\t\t\t\t<\/a>\n\t\t\t\t\t\t<\/div>\n\t\t\t\t<\/div>\n\t\t\t\t<\/div>\n\t\t<div class=\"elementor-element elementor-element-b348ac2 e-con-full e-flex e-con e-child\" data-id=\"b348ac2\" data-element_type=\"container\">\n\t\t\t\t<div class=\"elementor-element elementor-element-199e4b2 elementor-cta--skin-cover elementor-widget__width-inherit elementor-cta--valign-top elementor-bg-transform elementor-bg-transform-zoom-in elementor-widget elementor-widget-call-to-action\" data-id=\"199e4b2\" data-element_type=\"widget\" data-widget_type=\"call-to-action.default\">\n\t\t\t\t<div class=\"elementor-widget-container\">\n\t\t\t\t\t\t\t<a class=\"elementor-cta\" href=\"https:\/\/brinkvang.com\/da\/referencer\/\">\n\t\t\t\t\t<div class=\"elementor-cta__bg-wrapper\">\n\t\t\t\t<div class=\"elementor-cta__bg elementor-bg\" style=\"background-image: url(https:\/\/brinkvang.com\/wp-content\/uploads\/2025\/03\/GettyImages-920286610.jpg);\" role=\"img\" aria-label=\"The auto mechanic deconstructs the internal combustion engine for diagnosis&amp;repair. Closeup.\"><\/div>\n\t\t\t\t<div class=\"elementor-cta__bg-overlay\"><\/div>\n\t\t\t<\/div>\n\t\t\t\t\t\t\t<div class=\"elementor-cta__content\">\n\t\t\t\t\n\t\t\t\t\t\t\t\t\t<h4 class=\"elementor-cta__title elementor-cta__content-item elementor-content-item\">\n\t\t\t\t\t\tReferencer\t\t\t\t\t<\/h4>\n\t\t\t\t\n\t\t\t\t\n\t\t\t\t\t\t\t<\/div>\n\t\t\t\t\t\t<\/a>\n\t\t\t\t\t\t<\/div>\n\t\t\t\t<\/div>\n\t\t\t\t<\/div>\n\t\t\t\t\t<\/div>\n\t\t\t\t<\/div>\n\t\t<div class=\"elementor-element elementor-element-b9da3c2 e-con-full no-padding e-flex e-con e-parent\" data-id=\"b9da3c2\" data-element_type=\"container\">\n\t\t\t\t<div class=\"elementor-element elementor-element-1ff2e6cd elementor-widget elementor-widget-template\" data-id=\"1ff2e6cd\" data-element_type=\"widget\" data-widget_type=\"template.default\">\n\t\t\t\t<div class=\"elementor-widget-container\">\n\t\t\t\t\t\t\t<div class=\"elementor-template\">\n\t\t\t\t\t<div data-elementor-type=\"container\" data-elementor-id=\"5165\" class=\"elementor elementor-5165\" data-elementor-post-type=\"elementor_library\">\n\t\t\t\t<div class=\"elementor-element elementor-element-293089d overlay white e-flex e-con-boxed e-con e-parent\" data-id=\"293089d\" data-element_type=\"container\" data-settings=\"{&quot;background_background&quot;:&quot;classic&quot;}\">\n\t\t\t\t\t<div class=\"e-con-inner\">\n\t\t\t\t<div class=\"elementor-element elementor-element-cb9870c elementor-widget__width-initial elementor-widget elementor-widget-text-editor\" data-id=\"cb9870c\" data-element_type=\"widget\" data-widget_type=\"text-editor.default\">\n\t\t\t\t<div class=\"elementor-widget-container\">\n\t\t\t\t\t\t\t\t\t<h3>Kontakt BRINKVANG ApS<\/h3><h4>Har du sp\u00f8rgsm\u00e5l? Kontakt mig og lad os tage en uforpligtende snak<\/h4><p>Finder du ikke nok informationer om din \u00f8nskede opgave her p\u00e5 hjemmesiden, er du altid meget velkommen til at kontakte mig til en uforpligtende snak og eventuelt et tilbud p\u00e5 opgaven.<\/p><p>Ring til mig p\u00e5 telefon <a href=\"tel:+45 30 43 96 18\" aria-label=\"Telefon nummer\">+45 30 43 96 18<\/a> eller send en mail til <a href=\"mailto:brinkvang@brinkvang.com\" aria-label=\"Email adresse\">brinkvang@brinkvang.com<\/a>.<\/p><p>Jeg besvarer din henvendelse hurtigst muligt.<\/p>\t\t\t\t\t\t\t\t<\/div>\n\t\t\t\t<\/div>\n\t\t\t\t<div class=\"elementor-element elementor-element-ffaa54e elementor-align-center cta elementor-widget elementor-widget-button\" data-id=\"ffaa54e\" data-element_type=\"widget\" data-widget_type=\"button.default\">\n\t\t\t\t<div class=\"elementor-widget-container\">\n\t\t\t\t\t\t\t\t\t<div class=\"elementor-button-wrapper\">\n\t\t\t\t\t<a class=\"elementor-button elementor-button-link elementor-size-sm\" href=\"\/kontakt\/\">\n\t\t\t\t\t\t<span class=\"elementor-button-content-wrapper\">\n\t\t\t\t\t\t\t\t\t<span class=\"elementor-button-text\">Kontakt mig i dag<\/span>\n\t\t\t\t\t<\/span>\n\t\t\t\t\t<\/a>\n\t\t\t\t<\/div>\n\t\t\t\t\t\t\t\t<\/div>\n\t\t\t\t<\/div>\n\t\t\t\t\t<\/div>\n\t\t\t\t<\/div>\n\t\t\t\t<\/div>\n\t\t\t\t<\/div>\n\t\t\t\t\t\t<\/div>\n\t\t\t\t<\/div>\n\t\t\t\t<\/div>\n\t\t\t\t<\/div>\n\t\t","protected":false},"excerpt":{"rendered":"<p>Kunder: Hartmann Packaging A\/S,&nbsp; Arla Foods&nbsp;i Esbjerg,&nbsp;Airlaid ApS,&nbsp;House of Denmark&nbsp;og udvides l\u00f8bende!&nbsp; Freelance, Kontrakt, Interim konsulent og sparringspartner hos: DIS Creadis,&nbsp;SPT Vilecon,&nbsp;Nordic Interim,&nbsp;Brightmill,&nbsp;Process Integration,&nbsp;idoc Consulting,&nbsp;Hays Specialist Recruitment,&nbsp;Verena Group,&nbsp;Empathy talent og M&amp;N Consulting Senior Advisor hos&nbsp;SAM International&nbsp;som teknisk proces knowhow, support og sparring samt projektledelse og\/eller interim ans\u00e6ttelse Underviser hos&nbsp;DDV \u2013 Den Danske Vedligeholdsforening Sparringspartner og &#8230; <a title=\"Kunder &#038; samarbejdspartnere\" class=\"read-more\" href=\"https:\/\/brinkvang.com\/da\/kunder-og-samarbejdspartnere\/\" aria-label=\"Read more about Kunder &#038; samarbejdspartnere\">L\u00e6s Mere<\/a><\/p>\n","protected":false},"author":5,"featured_media":0,"parent":0,"menu_order":1002,"comment_status":"closed","ping_status":"closed","template":"","meta":{"_acf_changed":false,"footnotes":""},"categories":[],"class_list":["post-9401","page","type-page","status-publish"],"acf":[],"yoast_head":"<!-- This site is optimized with the Yoast SEO plugin v26.8 - https:\/\/yoast.com\/product\/yoast-seo-wordpress\/ -->\n<title>Kunder &amp; samarbejdspartnere | BRINKVANG ApS<\/title>\n<meta name=\"robots\" content=\"index, follow, max-snippet:-1, max-image-preview:large, max-video-preview:-1\" \/>\n<link rel=\"canonical\" href=\"https:\/\/brinkvang.com\/da\/kunder-og-samarbejdspartnere\/\" \/>\n<meta property=\"og:locale\" content=\"da_DK\" \/>\n<meta property=\"og:type\" content=\"article\" \/>\n<meta property=\"og:title\" content=\"Kunder &amp; samarbejdspartnere | BRINKVANG ApS\" \/>\n<meta property=\"og:description\" content=\"Kunder: Hartmann Packaging A\/S,&nbsp; Arla Foods&nbsp;i Esbjerg,&nbsp;Airlaid ApS,&nbsp;House of Denmark&nbsp;og udvides l\u00f8bende!&nbsp; Freelance, Kontrakt, Interim konsulent og sparringspartner hos: DIS Creadis,&nbsp;SPT Vilecon,&nbsp;Nordic Interim,&nbsp;Brightmill,&nbsp;Process Integration,&nbsp;idoc Consulting,&nbsp;Hays Specialist Recruitment,&nbsp;Verena Group,&nbsp;Empathy talent og M&amp;N Consulting Senior Advisor hos&nbsp;SAM International&nbsp;som teknisk proces knowhow, support og sparring samt projektledelse og\/eller interim ans\u00e6ttelse Underviser hos&nbsp;DDV \u2013 Den Danske Vedligeholdsforening Sparringspartner og ... L\u00e6s Mere\" \/>\n<meta property=\"og:url\" content=\"https:\/\/brinkvang.com\/da\/kunder-og-samarbejdspartnere\/\" \/>\n<meta property=\"og:site_name\" content=\"BRINKVANG ApS\" \/>\n<meta property=\"article:modified_time\" content=\"2025-07-01T07:28:16+00:00\" \/>\n<meta name=\"twitter:card\" content=\"summary_large_image\" \/>\n<meta name=\"twitter:label1\" content=\"Estimeret l\u00e6setid\" \/>\n\t<meta name=\"twitter:data1\" content=\"1 minut\" \/>\n<script type=\"application\/ld+json\" class=\"yoast-schema-graph\">{\"@context\":\"https:\/\/schema.org\",\"@graph\":[{\"@type\":\"WebPage\",\"@id\":\"https:\/\/brinkvang.com\/da\/kunder-og-samarbejdspartnere\/\",\"url\":\"https:\/\/brinkvang.com\/da\/kunder-og-samarbejdspartnere\/\",\"name\":\"Kunder & samarbejdspartnere | BRINKVANG ApS\",\"isPartOf\":{\"@id\":\"https:\/\/brinkvang.com\/da\/#website\"},\"datePublished\":\"2025-03-18T12:15:29+00:00\",\"dateModified\":\"2025-07-01T07:28:16+00:00\",\"breadcrumb\":{\"@id\":\"https:\/\/brinkvang.com\/da\/kunder-og-samarbejdspartnere\/#breadcrumb\"},\"inLanguage\":\"da-DK\",\"potentialAction\":[{\"@type\":\"ReadAction\",\"target\":[\"https:\/\/brinkvang.com\/da\/kunder-og-samarbejdspartnere\/\"]}]},{\"@type\":\"BreadcrumbList\",\"@id\":\"https:\/\/brinkvang.com\/da\/kunder-og-samarbejdspartnere\/#breadcrumb\",\"itemListElement\":[{\"@type\":\"ListItem\",\"position\":1,\"name\":\"Forside\",\"item\":\"https:\/\/brinkvang.com\/da\/\"},{\"@type\":\"ListItem\",\"position\":2,\"name\":\"Kunder &#038; samarbejdspartnere\"}]},{\"@type\":\"WebSite\",\"@id\":\"https:\/\/brinkvang.com\/da\/#website\",\"url\":\"https:\/\/brinkvang.com\/da\/\",\"name\":\"BRINKVANG ApS\",\"description\":\"Projektledelse med teknisk konsulent og senior advisor\",\"publisher\":{\"@id\":\"https:\/\/brinkvang.com\/da\/#organization\"},\"potentialAction\":[{\"@type\":\"SearchAction\",\"target\":{\"@type\":\"EntryPoint\",\"urlTemplate\":\"https:\/\/brinkvang.com\/da\/?s={search_term_string}\"},\"query-input\":{\"@type\":\"PropertyValueSpecification\",\"valueRequired\":true,\"valueName\":\"search_term_string\"}}],\"inLanguage\":\"da-DK\"},{\"@type\":\"Organization\",\"@id\":\"https:\/\/brinkvang.com\/da\/#organization\",\"name\":\"BRINKVANG ApS\",\"url\":\"https:\/\/brinkvang.com\/da\/\",\"logo\":{\"@type\":\"ImageObject\",\"inLanguage\":\"da-DK\",\"@id\":\"https:\/\/brinkvang.com\/da\/#\/schema\/logo\/image\/\",\"url\":\"https:\/\/brinkvang.com\/wp-content\/uploads\/2025\/03\/logo.png\",\"contentUrl\":\"https:\/\/brinkvang.com\/wp-content\/uploads\/2025\/03\/logo.png\",\"width\":939,\"height\":218,\"caption\":\"BRINKVANG ApS\"},\"image\":{\"@id\":\"https:\/\/brinkvang.com\/da\/#\/schema\/logo\/image\/\"}}]}<\/script>\n<!-- \/ Yoast SEO plugin. -->","yoast_head_json":{"title":"Kunder & samarbejdspartnere | BRINKVANG ApS","robots":{"index":"index","follow":"follow","max-snippet":"max-snippet:-1","max-image-preview":"max-image-preview:large","max-video-preview":"max-video-preview:-1"},"canonical":"https:\/\/brinkvang.com\/da\/kunder-og-samarbejdspartnere\/","og_locale":"da_DK","og_type":"article","og_title":"Kunder & samarbejdspartnere | BRINKVANG ApS","og_description":"Kunder: Hartmann Packaging A\/S,&nbsp; Arla Foods&nbsp;i Esbjerg,&nbsp;Airlaid ApS,&nbsp;House of Denmark&nbsp;og udvides l\u00f8bende!&nbsp; Freelance, Kontrakt, Interim konsulent og sparringspartner hos: DIS Creadis,&nbsp;SPT Vilecon,&nbsp;Nordic Interim,&nbsp;Brightmill,&nbsp;Process Integration,&nbsp;idoc Consulting,&nbsp;Hays Specialist Recruitment,&nbsp;Verena Group,&nbsp;Empathy talent og M&amp;N Consulting Senior Advisor hos&nbsp;SAM International&nbsp;som teknisk proces knowhow, support og sparring samt projektledelse og\/eller interim ans\u00e6ttelse Underviser hos&nbsp;DDV \u2013 Den Danske Vedligeholdsforening Sparringspartner og ... L\u00e6s Mere","og_url":"https:\/\/brinkvang.com\/da\/kunder-og-samarbejdspartnere\/","og_site_name":"BRINKVANG ApS","article_modified_time":"2025-07-01T07:28:16+00:00","twitter_card":"summary_large_image","twitter_misc":{"Estimeret l\u00e6setid":"1 minut"},"schema":{"@context":"https:\/\/schema.org","@graph":[{"@type":"WebPage","@id":"https:\/\/brinkvang.com\/da\/kunder-og-samarbejdspartnere\/","url":"https:\/\/brinkvang.com\/da\/kunder-og-samarbejdspartnere\/","name":"Kunder & samarbejdspartnere | BRINKVANG ApS","isPartOf":{"@id":"https:\/\/brinkvang.com\/da\/#website"},"datePublished":"2025-03-18T12:15:29+00:00","dateModified":"2025-07-01T07:28:16+00:00","breadcrumb":{"@id":"https:\/\/brinkvang.com\/da\/kunder-og-samarbejdspartnere\/#breadcrumb"},"inLanguage":"da-DK","potentialAction":[{"@type":"ReadAction","target":["https:\/\/brinkvang.com\/da\/kunder-og-samarbejdspartnere\/"]}]},{"@type":"BreadcrumbList","@id":"https:\/\/brinkvang.com\/da\/kunder-og-samarbejdspartnere\/#breadcrumb","itemListElement":[{"@type":"ListItem","position":1,"name":"Forside","item":"https:\/\/brinkvang.com\/da\/"},{"@type":"ListItem","position":2,"name":"Kunder &#038; samarbejdspartnere"}]},{"@type":"WebSite","@id":"https:\/\/brinkvang.com\/da\/#website","url":"https:\/\/brinkvang.com\/da\/","name":"BRINKVANG ApS","description":"Projektledelse med teknisk konsulent og senior advisor","publisher":{"@id":"https:\/\/brinkvang.com\/da\/#organization"},"potentialAction":[{"@type":"SearchAction","target":{"@type":"EntryPoint","urlTemplate":"https:\/\/brinkvang.com\/da\/?s={search_term_string}"},"query-input":{"@type":"PropertyValueSpecification","valueRequired":true,"valueName":"search_term_string"}}],"inLanguage":"da-DK"},{"@type":"Organization","@id":"https:\/\/brinkvang.com\/da\/#organization","name":"BRINKVANG ApS","url":"https:\/\/brinkvang.com\/da\/","logo":{"@type":"ImageObject","inLanguage":"da-DK","@id":"https:\/\/brinkvang.com\/da\/#\/schema\/logo\/image\/","url":"https:\/\/brinkvang.com\/wp-content\/uploads\/2025\/03\/logo.png","contentUrl":"https:\/\/brinkvang.com\/wp-content\/uploads\/2025\/03\/logo.png","width":939,"height":218,"caption":"BRINKVANG ApS"},"image":{"@id":"https:\/\/brinkvang.com\/da\/#\/schema\/logo\/image\/"}}]}},"_links":{"self":[{"href":"https:\/\/brinkvang.com\/da\/wp-json\/wp\/v2\/pages\/9401","targetHints":{"allow":["GET"]}}],"collection":[{"href":"https:\/\/brinkvang.com\/da\/wp-json\/wp\/v2\/pages"}],"about":[{"href":"https:\/\/brinkvang.com\/da\/wp-json\/wp\/v2\/types\/page"}],"author":[{"embeddable":true,"href":"https:\/\/brinkvang.com\/da\/wp-json\/wp\/v2\/users\/5"}],"replies":[{"embeddable":true,"href":"https:\/\/brinkvang.com\/da\/wp-json\/wp\/v2\/comments?post=9401"}],"version-history":[{"count":40,"href":"https:\/\/brinkvang.com\/da\/wp-json\/wp\/v2\/pages\/9401\/revisions"}],"predecessor-version":[{"id":9984,"href":"https:\/\/brinkvang.com\/da\/wp-json\/wp\/v2\/pages\/9401\/revisions\/9984"}],"wp:attachment":[{"href":"https:\/\/brinkvang.com\/da\/wp-json\/wp\/v2\/media?parent=9401"}],"wp:term":[{"taxonomy":"category","embeddable":true,"href":"https:\/\/brinkvang.com\/da\/wp-json\/wp\/v2\/categories?post=9401"}],"curies":[{"name":"wp","href":"https:\/\/api.w.org\/{rel}","templated":true}]}}