{"id":9400,"date":"2025-03-18T13:15:29","date_gmt":"2025-03-18T12:15:29","guid":{"rendered":"https:\/\/BRINKVANG%20ApS%20ApS.webserver9.dk\/one-pager\/"},"modified":"2025-07-29T08:26:24","modified_gmt":"2025-07-29T06:26:24","slug":"one-pager","status":"publish","type":"page","link":"https:\/\/brinkvang.com\/da\/one-pager\/","title":{"rendered":"One-Pager Brinkvang ApS"},"content":{"rendered":"\t\t<div data-elementor-type=\"wp-page\" data-elementor-id=\"9400\" class=\"elementor elementor-9400\" data-elementor-post-type=\"page\">\n\t\t\t\t<div class=\"elementor-element elementor-element-7ba9b705 e-con-full no-padding e-flex e-con e-parent\" data-id=\"7ba9b705\" data-element_type=\"container\">\n\t\t\t\t<div class=\"elementor-element elementor-element-1d7a46af elementor-widget elementor-widget-template\" data-id=\"1d7a46af\" data-element_type=\"widget\" data-widget_type=\"template.default\">\n\t\t\t\t<div class=\"elementor-widget-container\">\n\t\t\t\t\t\t\t<div class=\"elementor-template\">\n\t\t\t\t\t<div data-elementor-type=\"container\" data-elementor-id=\"6563\" class=\"elementor elementor-6563\" data-elementor-post-type=\"elementor_library\">\n\t\t\t\t<div class=\"elementor-element elementor-element-6b499f1f e-con-full no-padding e-flex e-con e-parent\" data-id=\"6b499f1f\" data-element_type=\"container\">\n\t\t\t\t<div class=\"elementor-element elementor-element-1ecbb66 elementor-widget elementor-widget-template\" data-id=\"1ecbb66\" data-element_type=\"widget\" data-widget_type=\"template.default\">\n\t\t\t\t<div class=\"elementor-widget-container\">\n\t\t\t\t\t\t\t<div class=\"elementor-template\">\n\t\t\t\t\t<div data-elementor-type=\"container\" data-elementor-id=\"6542\" class=\"elementor elementor-6542\" data-elementor-post-type=\"elementor_library\">\n\t\t\t\t<div class=\"elementor-element elementor-element-2bc4b5ab white e-flex e-con-boxed e-con e-parent\" data-id=\"2bc4b5ab\" data-element_type=\"container\" data-settings=\"{&quot;background_background&quot;:&quot;classic&quot;}\">\n\t\t\t\t\t<div class=\"e-con-inner\">\n\t\t\t\t<div class=\"elementor-element elementor-element-1d645c29 elementor-icon-list--layout-inline elementor-align-center elementor-list-item-link-full_width elementor-widget elementor-widget-icon-list\" data-id=\"1d645c29\" data-element_type=\"widget\" data-widget_type=\"icon-list.default\">\n\t\t\t\t<div class=\"elementor-widget-container\">\n\t\t\t\t\t\t\t<ul class=\"elementor-icon-list-items elementor-inline-items\">\n\t\t\t\t\t\t\t<li class=\"elementor-icon-list-item elementor-inline-item\">\n\t\t\t\t\t\t\t\t\t\t<span class=\"elementor-icon-list-text\"><a href=\"tel:+45 30 43 96 18\" aria-label=\"Telefon nummer\">+45 30 43 96 18<\/a><\/span>\n\t\t\t\t\t\t\t\t\t<\/li>\n\t\t\t\t\t\t\t\t<li class=\"elementor-icon-list-item elementor-inline-item\">\n\t\t\t\t\t\t\t\t\t\t<span class=\"elementor-icon-list-text\"><a href=\"mailto:brinkvang@brinkvang.com\" aria-label=\"Email adresse\">brinkvang@brinkvang.com<\/a><\/span>\n\t\t\t\t\t\t\t\t\t<\/li>\n\t\t\t\t\t\t<\/ul>\n\t\t\t\t\t\t<\/div>\n\t\t\t\t<\/div>\n\t\t\t\t\t<\/div>\n\t\t\t\t<\/div>\n\t\t\t\t<\/div>\n\t\t\t\t<\/div>\n\t\t\t\t\t\t<\/div>\n\t\t\t\t<\/div>\n\t\t\t\t<\/div>\n\t\t\t\t<\/div>\n\t\t\t\t<\/div>\n\t\t\t\t\t\t<\/div>\n\t\t\t\t<\/div>\n\t\t\t\t<\/div>\n\t\t<div class=\"elementor-element elementor-element-68d0f657 e-flex e-con-boxed e-con e-parent\" data-id=\"68d0f657\" data-element_type=\"container\">\n\t\t\t\t\t<div class=\"e-con-inner\">\n\t\t<div class=\"elementor-element elementor-element-4a097886 e-con-full e-flex e-con e-child\" data-id=\"4a097886\" data-element_type=\"container\">\n\t\t\t\t<div class=\"elementor-element elementor-element-5bdacdea elementor-widget elementor-widget-text-editor\" data-id=\"5bdacdea\" data-element_type=\"widget\" data-widget_type=\"text-editor.default\">\n\t\t\t\t<div class=\"elementor-widget-container\">\n\t\t\t\t\t\t\t\t\t<h2>Tekniskproces knowhow i en vigtig oppetid<\/h2><p><strong>Hvor godt har i styr p\u00e5 jeres vedligehold og risikovurdering?<\/strong><\/p><p>Jeg kan hj\u00e6lpe din virksomhed med at tackle og l\u00f8se de opgaver, der ikke prioriteres og l\u00f8ses p\u00e5 grund af manglende ressourcer og tid i en stresset og travl hverdag. Jeg tilbyder en bred vifte af supporttjenester og l\u00f8sninger, der kan aflaste din virksomhed.<\/p><p>Mine opgaver kan skr\u00e6ddersyes til virksomhedens og jeres individuelle behov, hvoraf jeg er fleksibel i min tilgang, ved at tilpasse mig og levere den bedst mulige service. Ved at outsource jeres opgaver til mig, kan I opn\u00e5 en st\u00f8rre fleksibilitet og skabe mere tid og ressourcer til at fokusere p\u00e5 jeres kerneforretning.<\/p><h4>Eksempler p\u00e5 opgaver<\/h4><ul class=\"wp-block-list\"><li>Screening og analyse af vedligehold eller teknisk afdeling inkl. Interview plus samtaler med henblik p\u00e5 at identificere nuv\u00e6rende udfordringer samt potentiale for fremtiden med belysning af evt. overgangsfase i en rapport med tilh\u00f8rende one-pagers for hvert omr\u00e5de.<\/li><li>Eliminering af kendte fejltyper og periodiske fejl ved facilitering af workshops med tr\u00e6ning og skoling af teknisk personale og industrioperat\u00f8rer<\/li><li>Skabe struktur og systematik gennem opbygning og beskrivelse af vedligeholdsplaner med interval, tjeklister og materiale forbrug, vedligehold til aftalt tid og \u00f8konomi<\/li><li>Opbygge og implementere \u00e5rshjul og -planer for eksternservice og bygningsvedligehold<\/li><li>Udarbejde kritikalitets analyse af maskiner og reservedele eller opbygge forsikring og risikovurdering af forsyning og bygning inkl. maskiner og udstyr<\/li><li>Beskrive og implementere processer og procedurer inkl. Roller og ansvar for Maskin-instruktioner, omstilling og indk\u00f8ring via guidelines, tjeklister og kompetenceskemaer<\/li><li>Projektleder og\/eller projektkoordinator for et specifikt projekt eller st\u00f8rre opgave<\/li><li>Interim teknisk konsulent der er en ekstra ressource \u2013 hj\u00e6lpende h\u00e5nd i en travl hverdag eller agerer dagligleder i perioden fra en medarbejder \/ leder stopper og ind til en ny kandidat er startet, herefter overlevering af det tekniske arbejde og ledelse.<\/li><li>Bist\u00e5 som hj\u00e6lp og support under rekruttering af nye tekniske medarbejdere.<\/li><\/ul><h4>Opn\u00e5ede m\u00e5l og resultater i forskellige stillinger<\/h4><ul class=\"wp-block-list\"><li>Forbedring af p\u00e5lidelighed og stabilitet p\u00e5 15% gennem:<ul><li>Implementering af planlagt forebyggende vedligehold ved brug af elektronisk ved-ligeholdelsessystem og mobill\u00f8sning inkl. sommer- og julevedligeholdelsesstop<\/li><\/ul><ul class=\"wp-block-list\"><li>Optimering af arbejdsgange i vedligehold ved brug af LEAN filosofien med fokus p\u00e5 planl\u00e6gning (tjekliste og materialer) og skemal\u00e6gning (tid, sted og ressourcer)<\/li><\/ul><\/li><li>\u00d8get produktivitet og effektivitet p\u00e5 10% gennem:<ul><li>Forandringsprojekt med kompetenceafklaring i vedligehold og opn\u00e5et fleksibilitet med udvikling af teknisk personale \u201dKl\u00e6de medarbejderne p\u00e5\u201d<\/li><\/ul><ul><li>\u00d8get produktiviteten med fokus p\u00e5 service, effektivitet og v\u00e6rdiskabelse med involvering og aktivt samarbejdet med medarbejderne og organisation<\/li><\/ul><ul class=\"wp-block-list\"><li>Optimering af processer, arbejdsgange og tid gennem arbejdet ved brug af LEAN filosofien og derved \u00f8get produktivitet med fokus p\u00e5 v\u00e6rdiskabelse<\/li><\/ul><\/li><li>Opex og Capex optimering p\u00e5 20% gennem:<ul><li>Udarbejdet og implementeret vedligeholdelses strategi med fokus p\u00e5 fundamentet \u201dBasis p\u00e5 plads\u201d og reduktion af omkostninger p\u00e5 vedligeholdelsesbudget<\/li><\/ul><ul><li>Skabt en overordnet maskinvurdering der ligger til grund for investeringsstrategien<\/li><\/ul><ul class=\"wp-block-list\"><li>Udarbejdet forsikring- og risikovurderingsplan for bygning, forsyning og maskiner<\/li><\/ul><\/li><\/ul>\t\t\t\t\t\t\t\t<\/div>\n\t\t\t\t<\/div>\n\t\t\t\t<\/div>\n\t\t<div class=\"elementor-element elementor-element-773f53f7 e-con-full e-flex e-con e-child\" data-id=\"773f53f7\" data-element_type=\"container\">\n\t\t\t\t<div class=\"elementor-element elementor-element-76e6a7b5 dark elementor-widget elementor-widget-sidebar\" data-id=\"76e6a7b5\" data-element_type=\"widget\" data-widget_type=\"sidebar.default\">\n\t\t\t\t<div class=\"elementor-widget-container\">\n\t\t\t\t\t<aside id=\"text-10\" class=\"widget-odd widget-first widget-1 widget inner-padding widget_text\"><h2 class=\"widget-title\">Vil du h\u00f8re mere?<\/h2>\t\t\t<div class=\"textwidget\"><p>Udfyld formularen og jeg vender tilbage til dig hurtigst muligt.<\/p>\n<\/div>\n\t\t<\/aside><aside id=\"forminator_widget-2\" class=\"widget-even widget-2 widget inner-padding widget_forminator_widget\"><form id=\"forminator-module-66\" class=\"forminator-custom-form forminator-custom-form-66\" method=\"post\" data-forminator-render=\"0\" data-uid=\"69f352bb1dcfb\"><div role=\"alert\" aria-live=\"polite\" class=\"forminator-response-message forminator-error\" aria-hidden=\"true\"><\/div><\/form><\/aside>\t\t\t\t<\/div>\n\t\t\t\t<\/div>\n\t\t\t\t<\/div>\n\t\t\t\t\t<\/div>\n\t\t\t\t<\/div>\n\t\t<div class=\"elementor-element elementor-element-79481c0 light e-flex e-con-boxed e-con e-parent\" data-id=\"79481c0\" data-element_type=\"container\">\n\t\t\t\t\t<div class=\"e-con-inner\">\n\t\t<div class=\"elementor-element elementor-element-7e5b876 e-con-full e-flex e-con e-child\" data-id=\"7e5b876\" data-element_type=\"container\">\n\t\t\t\t<div class=\"elementor-element elementor-element-c41c0b8 elementor-cta--skin-cover elementor-widget__width-inherit elementor-cta--valign-top elementor-bg-transform elementor-bg-transform-zoom-in elementor-widget elementor-widget-call-to-action\" data-id=\"c41c0b8\" data-element_type=\"widget\" data-widget_type=\"call-to-action.default\">\n\t\t\t\t<div class=\"elementor-widget-container\">\n\t\t\t\t\t\t\t<a class=\"elementor-cta\" href=\"https:\/\/brinkvang.com\/da\/salgsbrev\/\">\n\t\t\t\t\t<div class=\"elementor-cta__bg-wrapper\">\n\t\t\t\t<div class=\"elementor-cta__bg elementor-bg\" style=\"background-image: url(https:\/\/brinkvang.com\/wp-content\/uploads\/2025\/03\/GettyImages-2166573931.jpg);\" role=\"img\" aria-label=\"Reflection Of People On Glass Window\"><\/div>\n\t\t\t\t<div class=\"elementor-cta__bg-overlay\"><\/div>\n\t\t\t<\/div>\n\t\t\t\t\t\t\t<div class=\"elementor-cta__content\">\n\t\t\t\t\n\t\t\t\t\t\t\t\t\t<h4 class=\"elementor-cta__title elementor-cta__content-item elementor-content-item\">\n\t\t\t\t\t\tSalgsbrev\t\t\t\t\t<\/h4>\n\t\t\t\t\n\t\t\t\t\n\t\t\t\t\t\t\t<\/div>\n\t\t\t\t\t\t<\/a>\n\t\t\t\t\t\t<\/div>\n\t\t\t\t<\/div>\n\t\t\t\t<\/div>\n\t\t<div class=\"elementor-element elementor-element-e0b7f4b e-con-full e-flex e-con e-child\" data-id=\"e0b7f4b\" data-element_type=\"container\">\n\t\t\t\t<div class=\"elementor-element elementor-element-1da5f27 elementor-cta--skin-cover elementor-widget__width-inherit elementor-cta--valign-top elementor-bg-transform elementor-bg-transform-zoom-in elementor-widget elementor-widget-call-to-action\" data-id=\"1da5f27\" data-element_type=\"widget\" data-widget_type=\"call-to-action.default\">\n\t\t\t\t<div class=\"elementor-widget-container\">\n\t\t\t\t\t\t\t<a class=\"elementor-cta\" href=\"https:\/\/brinkvang.com\/da\/kunder-og-samarbejdspartnere\/\">\n\t\t\t\t\t<div class=\"elementor-cta__bg-wrapper\">\n\t\t\t\t<div class=\"elementor-cta__bg elementor-bg\" style=\"background-image: url(https:\/\/brinkvang.com\/wp-content\/uploads\/2025\/03\/GettyImages-1916729901.jpg);\" role=\"img\" aria-label=\"Meeting success. Two business persons shaking hands standing outside\"><\/div>\n\t\t\t\t<div class=\"elementor-cta__bg-overlay\"><\/div>\n\t\t\t<\/div>\n\t\t\t\t\t\t\t<div class=\"elementor-cta__content\">\n\t\t\t\t\n\t\t\t\t\t\t\t\t\t<h4 class=\"elementor-cta__title elementor-cta__content-item elementor-content-item\">\n\t\t\t\t\t\tKunder \/ samarbejds<wbr>partnere\t\t\t\t\t<\/h4>\n\t\t\t\t\n\t\t\t\t\n\t\t\t\t\t\t\t<\/div>\n\t\t\t\t\t\t<\/a>\n\t\t\t\t\t\t<\/div>\n\t\t\t\t<\/div>\n\t\t\t\t<\/div>\n\t\t<div class=\"elementor-element elementor-element-fa3c2e0 e-con-full e-flex e-con e-child\" data-id=\"fa3c2e0\" data-element_type=\"container\">\n\t\t\t\t<div class=\"elementor-element elementor-element-b69d40a elementor-cta--skin-cover elementor-widget__width-inherit elementor-cta--valign-top elementor-bg-transform elementor-bg-transform-zoom-in elementor-widget elementor-widget-call-to-action\" data-id=\"b69d40a\" data-element_type=\"widget\" data-widget_type=\"call-to-action.default\">\n\t\t\t\t<div class=\"elementor-widget-container\">\n\t\t\t\t\t\t\t<a class=\"elementor-cta\" href=\"https:\/\/brinkvang.com\/da\/one-pager\/\">\n\t\t\t\t\t<div class=\"elementor-cta__bg-wrapper\">\n\t\t\t\t<div class=\"elementor-cta__bg elementor-bg\" style=\"background-image: url(https:\/\/brinkvang.com\/wp-content\/uploads\/2025\/03\/GettyImages-1291968449.jpg);\" role=\"img\" aria-label=\"A worker in a factory working on a traditional milling machine\"><\/div>\n\t\t\t\t<div class=\"elementor-cta__bg-overlay\"><\/div>\n\t\t\t<\/div>\n\t\t\t\t\t\t\t<div class=\"elementor-cta__content\">\n\t\t\t\t\n\t\t\t\t\t\t\t\t\t<h4 class=\"elementor-cta__title elementor-cta__content-item elementor-content-item\">\n\t\t\t\t\t\tOne-pager\t\t\t\t\t<\/h4>\n\t\t\t\t\n\t\t\t\t\n\t\t\t\t\t\t\t<\/div>\n\t\t\t\t\t\t<\/a>\n\t\t\t\t\t\t<\/div>\n\t\t\t\t<\/div>\n\t\t\t\t<\/div>\n\t\t<div class=\"elementor-element elementor-element-b111adf e-con-full e-flex e-con e-child\" data-id=\"b111adf\" data-element_type=\"container\">\n\t\t\t\t<div class=\"elementor-element elementor-element-e9e0bdd elementor-cta--skin-cover elementor-widget__width-inherit elementor-cta--valign-top elementor-bg-transform elementor-bg-transform-zoom-in elementor-widget elementor-widget-call-to-action\" data-id=\"e9e0bdd\" data-element_type=\"widget\" data-widget_type=\"call-to-action.default\">\n\t\t\t\t<div class=\"elementor-widget-container\">\n\t\t\t\t\t\t\t<a class=\"elementor-cta\" href=\"https:\/\/brinkvang.com\/da\/referencer\/\">\n\t\t\t\t\t<div class=\"elementor-cta__bg-wrapper\">\n\t\t\t\t<div class=\"elementor-cta__bg elementor-bg\" style=\"background-image: url(https:\/\/brinkvang.com\/wp-content\/uploads\/2025\/03\/GettyImages-920286610.jpg);\" role=\"img\" aria-label=\"The auto mechanic deconstructs the internal combustion engine for diagnosis&amp;repair. Closeup.\"><\/div>\n\t\t\t\t<div class=\"elementor-cta__bg-overlay\"><\/div>\n\t\t\t<\/div>\n\t\t\t\t\t\t\t<div class=\"elementor-cta__content\">\n\t\t\t\t\n\t\t\t\t\t\t\t\t\t<h4 class=\"elementor-cta__title elementor-cta__content-item elementor-content-item\">\n\t\t\t\t\t\tReferencer\t\t\t\t\t<\/h4>\n\t\t\t\t\n\t\t\t\t\n\t\t\t\t\t\t\t<\/div>\n\t\t\t\t\t\t<\/a>\n\t\t\t\t\t\t<\/div>\n\t\t\t\t<\/div>\n\t\t\t\t<\/div>\n\t\t\t\t\t<\/div>\n\t\t\t\t<\/div>\n\t\t<div class=\"elementor-element elementor-element-180b5a2d e-con-full no-padding e-flex e-con e-parent\" data-id=\"180b5a2d\" data-element_type=\"container\">\n\t\t\t\t<div class=\"elementor-element elementor-element-770ed43a elementor-widget elementor-widget-template\" data-id=\"770ed43a\" data-element_type=\"widget\" data-widget_type=\"template.default\">\n\t\t\t\t<div class=\"elementor-widget-container\">\n\t\t\t\t\t\t\t<div class=\"elementor-template\">\n\t\t\t\t\t<div data-elementor-type=\"container\" data-elementor-id=\"5165\" class=\"elementor elementor-5165\" data-elementor-post-type=\"elementor_library\">\n\t\t\t\t<div class=\"elementor-element elementor-element-293089d overlay white e-flex e-con-boxed e-con e-parent\" data-id=\"293089d\" data-element_type=\"container\" data-settings=\"{&quot;background_background&quot;:&quot;classic&quot;}\">\n\t\t\t\t\t<div class=\"e-con-inner\">\n\t\t\t\t<div class=\"elementor-element elementor-element-cb9870c elementor-widget__width-initial elementor-widget elementor-widget-text-editor\" data-id=\"cb9870c\" data-element_type=\"widget\" data-widget_type=\"text-editor.default\">\n\t\t\t\t<div class=\"elementor-widget-container\">\n\t\t\t\t\t\t\t\t\t<h3>Kontakt BRINKVANG ApS<\/h3><h4>Har du sp\u00f8rgsm\u00e5l? Kontakt mig og lad os tage en uforpligtende snak<\/h4><p>Finder du ikke nok informationer om din \u00f8nskede opgave her p\u00e5 hjemmesiden, er du altid meget velkommen til at kontakte mig til en uforpligtende snak og eventuelt et tilbud p\u00e5 opgaven.<\/p><p>Ring til mig p\u00e5 telefon <a href=\"tel:+45 30 43 96 18\" aria-label=\"Telefon nummer\">+45 30 43 96 18<\/a> eller send en mail til <a href=\"mailto:brinkvang@brinkvang.com\" aria-label=\"Email adresse\">brinkvang@brinkvang.com<\/a>.<\/p><p>Jeg besvarer din henvendelse hurtigst muligt.<\/p>\t\t\t\t\t\t\t\t<\/div>\n\t\t\t\t<\/div>\n\t\t\t\t<div class=\"elementor-element elementor-element-ffaa54e elementor-align-center cta elementor-widget elementor-widget-button\" data-id=\"ffaa54e\" data-element_type=\"widget\" data-widget_type=\"button.default\">\n\t\t\t\t<div class=\"elementor-widget-container\">\n\t\t\t\t\t\t\t\t\t<div class=\"elementor-button-wrapper\">\n\t\t\t\t\t<a class=\"elementor-button elementor-button-link elementor-size-sm\" href=\"\/kontakt\/\">\n\t\t\t\t\t\t<span class=\"elementor-button-content-wrapper\">\n\t\t\t\t\t\t\t\t\t<span class=\"elementor-button-text\">Kontakt mig i dag<\/span>\n\t\t\t\t\t<\/span>\n\t\t\t\t\t<\/a>\n\t\t\t\t<\/div>\n\t\t\t\t\t\t\t\t<\/div>\n\t\t\t\t<\/div>\n\t\t\t\t\t<\/div>\n\t\t\t\t<\/div>\n\t\t\t\t<\/div>\n\t\t\t\t<\/div>\n\t\t\t\t\t\t<\/div>\n\t\t\t\t<\/div>\n\t\t\t\t<\/div>\n\t\t\t\t<\/div>\n\t\t","protected":false},"excerpt":{"rendered":"<p>Tekniskproces knowhow i en vigtig oppetid Hvor godt har i styr p\u00e5 jeres vedligehold og risikovurdering? Jeg kan hj\u00e6lpe din virksomhed med at tackle og l\u00f8se de opgaver, der ikke prioriteres og l\u00f8ses p\u00e5 grund af manglende ressourcer og tid i en stresset og travl hverdag. Jeg tilbyder en bred vifte af supporttjenester og l\u00f8sninger, &#8230; <a title=\"One-Pager Brinkvang ApS\" class=\"read-more\" href=\"https:\/\/brinkvang.com\/da\/one-pager\/\" aria-label=\"Read more about One-Pager Brinkvang ApS\">L\u00e6s Mere<\/a><\/p>\n","protected":false},"author":5,"featured_media":0,"parent":0,"menu_order":1001,"comment_status":"closed","ping_status":"closed","template":"","meta":{"_acf_changed":false,"footnotes":""},"categories":[],"class_list":["post-9400","page","type-page","status-publish"],"acf":[],"yoast_head":"<!-- This site is optimized with the Yoast SEO plugin v26.8 - https:\/\/yoast.com\/product\/yoast-seo-wordpress\/ -->\n<title>One-Pager Brinkvang ApS | BRINKVANG ApS<\/title>\n<meta name=\"robots\" content=\"index, follow, max-snippet:-1, max-image-preview:large, max-video-preview:-1\" \/>\n<link rel=\"canonical\" href=\"https:\/\/brinkvang.com\/da\/one-pager\/\" \/>\n<meta property=\"og:locale\" content=\"da_DK\" \/>\n<meta property=\"og:type\" content=\"article\" \/>\n<meta property=\"og:title\" content=\"One-Pager Brinkvang ApS | BRINKVANG ApS\" \/>\n<meta property=\"og:description\" content=\"Tekniskproces knowhow i en vigtig oppetid Hvor godt har i styr p\u00e5 jeres vedligehold og risikovurdering? Jeg kan hj\u00e6lpe din virksomhed med at tackle og l\u00f8se de opgaver, der ikke prioriteres og l\u00f8ses p\u00e5 grund af manglende ressourcer og tid i en stresset og travl hverdag. Jeg tilbyder en bred vifte af supporttjenester og l\u00f8sninger, ... L\u00e6s Mere\" \/>\n<meta property=\"og:url\" content=\"https:\/\/brinkvang.com\/da\/one-pager\/\" \/>\n<meta property=\"og:site_name\" content=\"BRINKVANG ApS\" \/>\n<meta property=\"article:modified_time\" content=\"2025-07-29T06:26:24+00:00\" \/>\n<meta name=\"twitter:card\" content=\"summary_large_image\" \/>\n<meta name=\"twitter:label1\" content=\"Estimeret l\u00e6setid\" \/>\n\t<meta name=\"twitter:data1\" content=\"2 minutter\" \/>\n<script type=\"application\/ld+json\" class=\"yoast-schema-graph\">{\"@context\":\"https:\/\/schema.org\",\"@graph\":[{\"@type\":\"WebPage\",\"@id\":\"https:\/\/brinkvang.com\/da\/one-pager\/\",\"url\":\"https:\/\/brinkvang.com\/da\/one-pager\/\",\"name\":\"One-Pager Brinkvang ApS | BRINKVANG ApS\",\"isPartOf\":{\"@id\":\"https:\/\/brinkvang.com\/da\/#website\"},\"datePublished\":\"2025-03-18T12:15:29+00:00\",\"dateModified\":\"2025-07-29T06:26:24+00:00\",\"breadcrumb\":{\"@id\":\"https:\/\/brinkvang.com\/da\/one-pager\/#breadcrumb\"},\"inLanguage\":\"da-DK\",\"potentialAction\":[{\"@type\":\"ReadAction\",\"target\":[\"https:\/\/brinkvang.com\/da\/one-pager\/\"]}]},{\"@type\":\"BreadcrumbList\",\"@id\":\"https:\/\/brinkvang.com\/da\/one-pager\/#breadcrumb\",\"itemListElement\":[{\"@type\":\"ListItem\",\"position\":1,\"name\":\"Forside\",\"item\":\"https:\/\/brinkvang.com\/da\/\"},{\"@type\":\"ListItem\",\"position\":2,\"name\":\"One-Pager Brinkvang ApS\"}]},{\"@type\":\"WebSite\",\"@id\":\"https:\/\/brinkvang.com\/da\/#website\",\"url\":\"https:\/\/brinkvang.com\/da\/\",\"name\":\"BRINKVANG ApS\",\"description\":\"Projektledelse med teknisk konsulent og senior advisor\",\"publisher\":{\"@id\":\"https:\/\/brinkvang.com\/da\/#organization\"},\"potentialAction\":[{\"@type\":\"SearchAction\",\"target\":{\"@type\":\"EntryPoint\",\"urlTemplate\":\"https:\/\/brinkvang.com\/da\/?s={search_term_string}\"},\"query-input\":{\"@type\":\"PropertyValueSpecification\",\"valueRequired\":true,\"valueName\":\"search_term_string\"}}],\"inLanguage\":\"da-DK\"},{\"@type\":\"Organization\",\"@id\":\"https:\/\/brinkvang.com\/da\/#organization\",\"name\":\"BRINKVANG ApS\",\"url\":\"https:\/\/brinkvang.com\/da\/\",\"logo\":{\"@type\":\"ImageObject\",\"inLanguage\":\"da-DK\",\"@id\":\"https:\/\/brinkvang.com\/da\/#\/schema\/logo\/image\/\",\"url\":\"https:\/\/brinkvang.com\/wp-content\/uploads\/2025\/03\/logo.png\",\"contentUrl\":\"https:\/\/brinkvang.com\/wp-content\/uploads\/2025\/03\/logo.png\",\"width\":939,\"height\":218,\"caption\":\"BRINKVANG ApS\"},\"image\":{\"@id\":\"https:\/\/brinkvang.com\/da\/#\/schema\/logo\/image\/\"}}]}<\/script>\n<!-- \/ Yoast SEO plugin. -->","yoast_head_json":{"title":"One-Pager Brinkvang ApS | BRINKVANG ApS","robots":{"index":"index","follow":"follow","max-snippet":"max-snippet:-1","max-image-preview":"max-image-preview:large","max-video-preview":"max-video-preview:-1"},"canonical":"https:\/\/brinkvang.com\/da\/one-pager\/","og_locale":"da_DK","og_type":"article","og_title":"One-Pager Brinkvang ApS | BRINKVANG ApS","og_description":"Tekniskproces knowhow i en vigtig oppetid Hvor godt har i styr p\u00e5 jeres vedligehold og risikovurdering? Jeg kan hj\u00e6lpe din virksomhed med at tackle og l\u00f8se de opgaver, der ikke prioriteres og l\u00f8ses p\u00e5 grund af manglende ressourcer og tid i en stresset og travl hverdag. Jeg tilbyder en bred vifte af supporttjenester og l\u00f8sninger, ... L\u00e6s Mere","og_url":"https:\/\/brinkvang.com\/da\/one-pager\/","og_site_name":"BRINKVANG ApS","article_modified_time":"2025-07-29T06:26:24+00:00","twitter_card":"summary_large_image","twitter_misc":{"Estimeret l\u00e6setid":"2 minutter"},"schema":{"@context":"https:\/\/schema.org","@graph":[{"@type":"WebPage","@id":"https:\/\/brinkvang.com\/da\/one-pager\/","url":"https:\/\/brinkvang.com\/da\/one-pager\/","name":"One-Pager Brinkvang ApS | BRINKVANG ApS","isPartOf":{"@id":"https:\/\/brinkvang.com\/da\/#website"},"datePublished":"2025-03-18T12:15:29+00:00","dateModified":"2025-07-29T06:26:24+00:00","breadcrumb":{"@id":"https:\/\/brinkvang.com\/da\/one-pager\/#breadcrumb"},"inLanguage":"da-DK","potentialAction":[{"@type":"ReadAction","target":["https:\/\/brinkvang.com\/da\/one-pager\/"]}]},{"@type":"BreadcrumbList","@id":"https:\/\/brinkvang.com\/da\/one-pager\/#breadcrumb","itemListElement":[{"@type":"ListItem","position":1,"name":"Forside","item":"https:\/\/brinkvang.com\/da\/"},{"@type":"ListItem","position":2,"name":"One-Pager Brinkvang ApS"}]},{"@type":"WebSite","@id":"https:\/\/brinkvang.com\/da\/#website","url":"https:\/\/brinkvang.com\/da\/","name":"BRINKVANG ApS","description":"Projektledelse med teknisk konsulent og senior advisor","publisher":{"@id":"https:\/\/brinkvang.com\/da\/#organization"},"potentialAction":[{"@type":"SearchAction","target":{"@type":"EntryPoint","urlTemplate":"https:\/\/brinkvang.com\/da\/?s={search_term_string}"},"query-input":{"@type":"PropertyValueSpecification","valueRequired":true,"valueName":"search_term_string"}}],"inLanguage":"da-DK"},{"@type":"Organization","@id":"https:\/\/brinkvang.com\/da\/#organization","name":"BRINKVANG ApS","url":"https:\/\/brinkvang.com\/da\/","logo":{"@type":"ImageObject","inLanguage":"da-DK","@id":"https:\/\/brinkvang.com\/da\/#\/schema\/logo\/image\/","url":"https:\/\/brinkvang.com\/wp-content\/uploads\/2025\/03\/logo.png","contentUrl":"https:\/\/brinkvang.com\/wp-content\/uploads\/2025\/03\/logo.png","width":939,"height":218,"caption":"BRINKVANG ApS"},"image":{"@id":"https:\/\/brinkvang.com\/da\/#\/schema\/logo\/image\/"}}]}},"_links":{"self":[{"href":"https:\/\/brinkvang.com\/da\/wp-json\/wp\/v2\/pages\/9400","targetHints":{"allow":["GET"]}}],"collection":[{"href":"https:\/\/brinkvang.com\/da\/wp-json\/wp\/v2\/pages"}],"about":[{"href":"https:\/\/brinkvang.com\/da\/wp-json\/wp\/v2\/types\/page"}],"author":[{"embeddable":true,"href":"https:\/\/brinkvang.com\/da\/wp-json\/wp\/v2\/users\/5"}],"replies":[{"embeddable":true,"href":"https:\/\/brinkvang.com\/da\/wp-json\/wp\/v2\/comments?post=9400"}],"version-history":[{"count":15,"href":"https:\/\/brinkvang.com\/da\/wp-json\/wp\/v2\/pages\/9400\/revisions"}],"predecessor-version":[{"id":9996,"href":"https:\/\/brinkvang.com\/da\/wp-json\/wp\/v2\/pages\/9400\/revisions\/9996"}],"wp:attachment":[{"href":"https:\/\/brinkvang.com\/da\/wp-json\/wp\/v2\/media?parent=9400"}],"wp:term":[{"taxonomy":"category","embeddable":true,"href":"https:\/\/brinkvang.com\/da\/wp-json\/wp\/v2\/categories?post=9400"}],"curies":[{"name":"wp","href":"https:\/\/api.w.org\/{rel}","templated":true}]}}