{"id":9399,"date":"2025-03-18T13:15:29","date_gmt":"2025-03-18T12:15:29","guid":{"rendered":"https:\/\/BRINKVANG%20ApS%20ApS.webserver9.dk\/salgsbrev\/"},"modified":"2025-05-27T11:54:48","modified_gmt":"2025-05-27T09:54:48","slug":"salgsbrev","status":"publish","type":"page","link":"https:\/\/brinkvang.com\/da\/salgsbrev\/","title":{"rendered":"Salgsbrev Brinkvang ApS"},"content":{"rendered":"\t\t<div data-elementor-type=\"wp-page\" data-elementor-id=\"9399\" class=\"elementor elementor-9399\" data-elementor-post-type=\"page\">\n\t\t\t\t<div class=\"elementor-element elementor-element-23bee44d e-con-full no-padding e-flex e-con e-parent\" data-id=\"23bee44d\" data-element_type=\"container\">\n\t\t\t\t<div class=\"elementor-element elementor-element-3357a17 elementor-widget elementor-widget-template\" data-id=\"3357a17\" data-element_type=\"widget\" data-widget_type=\"template.default\">\n\t\t\t\t<div class=\"elementor-widget-container\">\n\t\t\t\t\t\t\t<div class=\"elementor-template\">\n\t\t\t\t\t<div data-elementor-type=\"container\" data-elementor-id=\"6563\" class=\"elementor elementor-6563\" data-elementor-post-type=\"elementor_library\">\n\t\t\t\t<div class=\"elementor-element elementor-element-6b499f1f e-con-full no-padding e-flex e-con e-parent\" data-id=\"6b499f1f\" data-element_type=\"container\">\n\t\t\t\t<div class=\"elementor-element elementor-element-1ecbb66 elementor-widget elementor-widget-template\" data-id=\"1ecbb66\" data-element_type=\"widget\" data-widget_type=\"template.default\">\n\t\t\t\t<div class=\"elementor-widget-container\">\n\t\t\t\t\t\t\t<div class=\"elementor-template\">\n\t\t\t\t\t<div data-elementor-type=\"container\" data-elementor-id=\"6542\" class=\"elementor elementor-6542\" data-elementor-post-type=\"elementor_library\">\n\t\t\t\t<div class=\"elementor-element elementor-element-2bc4b5ab white e-flex e-con-boxed e-con e-parent\" data-id=\"2bc4b5ab\" data-element_type=\"container\" data-settings=\"{&quot;background_background&quot;:&quot;classic&quot;}\">\n\t\t\t\t\t<div class=\"e-con-inner\">\n\t\t\t\t<div class=\"elementor-element elementor-element-1d645c29 elementor-icon-list--layout-inline elementor-align-center elementor-list-item-link-full_width elementor-widget elementor-widget-icon-list\" data-id=\"1d645c29\" data-element_type=\"widget\" data-widget_type=\"icon-list.default\">\n\t\t\t\t<div class=\"elementor-widget-container\">\n\t\t\t\t\t\t\t<ul class=\"elementor-icon-list-items elementor-inline-items\">\n\t\t\t\t\t\t\t<li class=\"elementor-icon-list-item elementor-inline-item\">\n\t\t\t\t\t\t\t\t\t\t<span class=\"elementor-icon-list-text\"><a href=\"tel:+45 30 43 96 18\" aria-label=\"Telefon nummer\">+45 30 43 96 18<\/a><\/span>\n\t\t\t\t\t\t\t\t\t<\/li>\n\t\t\t\t\t\t\t\t<li class=\"elementor-icon-list-item elementor-inline-item\">\n\t\t\t\t\t\t\t\t\t\t<span class=\"elementor-icon-list-text\"><a href=\"mailto:brinkvang@brinkvang.com\" aria-label=\"Email adresse\">brinkvang@brinkvang.com<\/a><\/span>\n\t\t\t\t\t\t\t\t\t<\/li>\n\t\t\t\t\t\t<\/ul>\n\t\t\t\t\t\t<\/div>\n\t\t\t\t<\/div>\n\t\t\t\t\t<\/div>\n\t\t\t\t<\/div>\n\t\t\t\t<\/div>\n\t\t\t\t<\/div>\n\t\t\t\t\t\t<\/div>\n\t\t\t\t<\/div>\n\t\t\t\t<\/div>\n\t\t\t\t<\/div>\n\t\t\t\t<\/div>\n\t\t\t\t\t\t<\/div>\n\t\t\t\t<\/div>\n\t\t\t\t<\/div>\n\t\t<div class=\"elementor-element elementor-element-5fad7499 e-flex e-con-boxed e-con e-parent\" data-id=\"5fad7499\" data-element_type=\"container\">\n\t\t\t\t\t<div class=\"e-con-inner\">\n\t\t<div class=\"elementor-element elementor-element-27a949ef e-con-full e-flex e-con e-child\" data-id=\"27a949ef\" data-element_type=\"container\">\n\t\t\t\t<div class=\"elementor-element elementor-element-5f919190 elementor-widget elementor-widget-text-editor\" data-id=\"5f919190\" data-element_type=\"widget\" data-widget_type=\"text-editor.default\">\n\t\t\t\t<div class=\"elementor-widget-container\">\n\t\t\t\t\t\t\t\t\t<h2>Tekniskproces knowhow i en vigtig oppetid<\/h2><p><strong>Har i udfordringer med oppetiden p\u00e5 jeres maskiner og udstyr?<\/strong><\/p><p>Jeg tilbyder forbedret p\u00e5lidelighed og stabilitet p\u00e5 maskiner og udstyr i jeres Virksomhed.<\/p><ol class=\"wp-block-list\"><li>Praktisk hands-on og teoretisk tr\u00e6ning i struktureret fejlfinding inkl. \u00e5rsagsanalyse og probleml\u00f8sning, hvilket h\u00e6ver kompetencen og forbedrer oppetiden.<\/li><li>Jeg udarbejder professionelle vedligeholdsplaner, hvilket betyder jeres maskiner bliver vedligeholdt korrekt, det forl\u00e6nger maskinernes levetid.<\/li><li>Jeg tilbyder forbedret vedligehold gennem struktur, systematik og analytisk tilgang, hvilket \u00f8ger effektivitet og produktivitet, hvorved i sparer penge.<\/li><li>Jeg faciliterer workshops og gennemf\u00f8rer kritikalitetsanalyser og risikovurderinger sammen med jer, der hvor I er s\u00e5rbare.<\/li><li>Forbedret vedligehold gennem struktur, systematik og analytisk tilgang, hvilket h\u00e6ver effektivitet og \u00f8ger produktivitet, hvorved i sparer penge.<\/li><li>Interim konsulent der tr\u00e6der til med teknisk- og ledelsesm\u00e6ssig support med kort varsel.<\/li><\/ol><h3>Hvorfor skal I samarbejde med mig?<\/h3><ol class=\"wp-block-list\"><li>Jeg kommer med erhvervserfaring fra virksomheder og brancher som Danfoss, Hydro, Arla, Fertin Pharma, Gram Commercial, Berry Superfos og Lindab.<\/li><li>Jeg har en h\u00e5ndv\u00e6rksm\u00e6ssig baggrund som kombineret med massiv efteruddannelse, g\u00f8r at jeg leverer resultater p\u00e5 et fagligt h\u00f8jt niveau.<\/li><li>Jeg tilbyder forbedring, optimering og implementering p\u00e5 et praktisk og ledelsesm\u00e6ssigt h\u00f8jt niveau qua min personlige tilgang til mennesker.<\/li><li>Jeg kan med kort varsel tr\u00e6de til som teknisk og ledelsesm\u00e6ssig support og sparring samt inds\u00e6ttes som interim.<\/li><li>Jeg kan bist\u00e5 i rekruttering af tekniske medarbejdere og bringe mit omfattende netv\u00e6rk i spil.<\/li><\/ol><p>Jeg h\u00e5ber ovenst\u00e5ende har vagt jeres interesse og ser frem til at dr\u00f8fte et evt. samarbejde med jer.\u00a0<\/p><p>Jeg ser frem til at h\u00f8re fra jer omkring BRINKVANG ApS\u2019s muligheder og vi er et skridt t\u00e6ttere et v\u00e6rdifuldt samarbejde.<\/p>\t\t\t\t\t\t\t\t<\/div>\n\t\t\t\t<\/div>\n\t\t\t\t<\/div>\n\t\t<div class=\"elementor-element elementor-element-20e18284 e-con-full e-flex e-con e-child\" data-id=\"20e18284\" data-element_type=\"container\">\n\t\t\t\t<div class=\"elementor-element elementor-element-4b857991 dark elementor-widget elementor-widget-sidebar\" data-id=\"4b857991\" data-element_type=\"widget\" data-widget_type=\"sidebar.default\">\n\t\t\t\t<div class=\"elementor-widget-container\">\n\t\t\t\t\t<aside id=\"text-10\" class=\"widget-odd widget-first widget-1 widget inner-padding widget_text\"><h2 class=\"widget-title\">Vil du h\u00f8re mere?<\/h2>\t\t\t<div class=\"textwidget\"><p>Udfyld formularen og jeg vender tilbage til dig hurtigst muligt.<\/p>\n<\/div>\n\t\t<\/aside><aside id=\"forminator_widget-2\" class=\"widget-even widget-2 widget inner-padding widget_forminator_widget\"><form id=\"forminator-module-66\" class=\"forminator-custom-form forminator-custom-form-66\" method=\"post\" data-forminator-render=\"0\" data-uid=\"69f29a67dda5b\"><div role=\"alert\" aria-live=\"polite\" class=\"forminator-response-message forminator-error\" aria-hidden=\"true\"><\/div><\/form><\/aside>\t\t\t\t<\/div>\n\t\t\t\t<\/div>\n\t\t\t\t<\/div>\n\t\t\t\t\t<\/div>\n\t\t\t\t<\/div>\n\t\t<div class=\"elementor-element elementor-element-42e7993 light e-flex e-con-boxed e-con e-parent\" data-id=\"42e7993\" data-element_type=\"container\">\n\t\t\t\t\t<div class=\"e-con-inner\">\n\t\t<div class=\"elementor-element elementor-element-a97edcd e-con-full e-flex e-con e-child\" data-id=\"a97edcd\" data-element_type=\"container\">\n\t\t\t\t<div class=\"elementor-element elementor-element-da0ab86 elementor-cta--skin-cover elementor-widget__width-inherit elementor-cta--valign-top elementor-bg-transform elementor-bg-transform-zoom-in elementor-widget elementor-widget-call-to-action\" data-id=\"da0ab86\" data-element_type=\"widget\" data-widget_type=\"call-to-action.default\">\n\t\t\t\t<div class=\"elementor-widget-container\">\n\t\t\t\t\t\t\t<a class=\"elementor-cta\" href=\"https:\/\/brinkvang.com\/da\/salgsbrev\/\">\n\t\t\t\t\t<div class=\"elementor-cta__bg-wrapper\">\n\t\t\t\t<div class=\"elementor-cta__bg elementor-bg\" style=\"background-image: url(https:\/\/brinkvang.com\/wp-content\/uploads\/2025\/03\/GettyImages-2166573931.jpg);\" role=\"img\" aria-label=\"Reflection Of People On Glass Window\"><\/div>\n\t\t\t\t<div class=\"elementor-cta__bg-overlay\"><\/div>\n\t\t\t<\/div>\n\t\t\t\t\t\t\t<div class=\"elementor-cta__content\">\n\t\t\t\t\n\t\t\t\t\t\t\t\t\t<h4 class=\"elementor-cta__title elementor-cta__content-item elementor-content-item\">\n\t\t\t\t\t\tSalgsbrev\t\t\t\t\t<\/h4>\n\t\t\t\t\n\t\t\t\t\n\t\t\t\t\t\t\t<\/div>\n\t\t\t\t\t\t<\/a>\n\t\t\t\t\t\t<\/div>\n\t\t\t\t<\/div>\n\t\t\t\t<\/div>\n\t\t<div class=\"elementor-element elementor-element-d5f4094 e-con-full e-flex e-con e-child\" data-id=\"d5f4094\" data-element_type=\"container\">\n\t\t\t\t<div class=\"elementor-element elementor-element-62ff12d elementor-cta--skin-cover elementor-widget__width-inherit elementor-cta--valign-top elementor-bg-transform elementor-bg-transform-zoom-in elementor-widget elementor-widget-call-to-action\" data-id=\"62ff12d\" data-element_type=\"widget\" data-widget_type=\"call-to-action.default\">\n\t\t\t\t<div class=\"elementor-widget-container\">\n\t\t\t\t\t\t\t<a class=\"elementor-cta\" href=\"https:\/\/brinkvang.com\/da\/kunder-og-samarbejdspartnere\/\">\n\t\t\t\t\t<div class=\"elementor-cta__bg-wrapper\">\n\t\t\t\t<div class=\"elementor-cta__bg elementor-bg\" style=\"background-image: url(https:\/\/brinkvang.com\/wp-content\/uploads\/2025\/03\/GettyImages-1916729901.jpg);\" role=\"img\" aria-label=\"Meeting success. Two business persons shaking hands standing outside\"><\/div>\n\t\t\t\t<div class=\"elementor-cta__bg-overlay\"><\/div>\n\t\t\t<\/div>\n\t\t\t\t\t\t\t<div class=\"elementor-cta__content\">\n\t\t\t\t\n\t\t\t\t\t\t\t\t\t<h4 class=\"elementor-cta__title elementor-cta__content-item elementor-content-item\">\n\t\t\t\t\t\tKunder \/ samarbejds<wbr>partnere\t\t\t\t\t<\/h4>\n\t\t\t\t\n\t\t\t\t\n\t\t\t\t\t\t\t<\/div>\n\t\t\t\t\t\t<\/a>\n\t\t\t\t\t\t<\/div>\n\t\t\t\t<\/div>\n\t\t\t\t<\/div>\n\t\t<div class=\"elementor-element elementor-element-fd7a909 e-con-full e-flex e-con e-child\" data-id=\"fd7a909\" data-element_type=\"container\">\n\t\t\t\t<div class=\"elementor-element elementor-element-740b87d elementor-cta--skin-cover elementor-widget__width-inherit elementor-cta--valign-top elementor-bg-transform elementor-bg-transform-zoom-in elementor-widget elementor-widget-call-to-action\" data-id=\"740b87d\" data-element_type=\"widget\" data-widget_type=\"call-to-action.default\">\n\t\t\t\t<div class=\"elementor-widget-container\">\n\t\t\t\t\t\t\t<a class=\"elementor-cta\" href=\"https:\/\/brinkvang.com\/da\/one-pager\/\">\n\t\t\t\t\t<div class=\"elementor-cta__bg-wrapper\">\n\t\t\t\t<div class=\"elementor-cta__bg elementor-bg\" style=\"background-image: url(https:\/\/brinkvang.com\/wp-content\/uploads\/2025\/03\/GettyImages-1291968449.jpg);\" role=\"img\" aria-label=\"A worker in a factory working on a traditional milling machine\"><\/div>\n\t\t\t\t<div class=\"elementor-cta__bg-overlay\"><\/div>\n\t\t\t<\/div>\n\t\t\t\t\t\t\t<div class=\"elementor-cta__content\">\n\t\t\t\t\n\t\t\t\t\t\t\t\t\t<h4 class=\"elementor-cta__title elementor-cta__content-item elementor-content-item\">\n\t\t\t\t\t\tOne-pager\t\t\t\t\t<\/h4>\n\t\t\t\t\n\t\t\t\t\n\t\t\t\t\t\t\t<\/div>\n\t\t\t\t\t\t<\/a>\n\t\t\t\t\t\t<\/div>\n\t\t\t\t<\/div>\n\t\t\t\t<\/div>\n\t\t<div class=\"elementor-element elementor-element-b0f3807 e-con-full e-flex e-con e-child\" data-id=\"b0f3807\" data-element_type=\"container\">\n\t\t\t\t<div class=\"elementor-element elementor-element-43ac710 elementor-cta--skin-cover elementor-widget__width-inherit elementor-cta--valign-top elementor-bg-transform elementor-bg-transform-zoom-in elementor-widget elementor-widget-call-to-action\" data-id=\"43ac710\" data-element_type=\"widget\" data-widget_type=\"call-to-action.default\">\n\t\t\t\t<div class=\"elementor-widget-container\">\n\t\t\t\t\t\t\t<a class=\"elementor-cta\" href=\"https:\/\/brinkvang.com\/da\/referencer\/\">\n\t\t\t\t\t<div class=\"elementor-cta__bg-wrapper\">\n\t\t\t\t<div class=\"elementor-cta__bg elementor-bg\" style=\"background-image: url(https:\/\/brinkvang.com\/wp-content\/uploads\/2025\/03\/GettyImages-920286610.jpg);\" role=\"img\" aria-label=\"The auto mechanic deconstructs the internal combustion engine for diagnosis&amp;repair. Closeup.\"><\/div>\n\t\t\t\t<div class=\"elementor-cta__bg-overlay\"><\/div>\n\t\t\t<\/div>\n\t\t\t\t\t\t\t<div class=\"elementor-cta__content\">\n\t\t\t\t\n\t\t\t\t\t\t\t\t\t<h4 class=\"elementor-cta__title elementor-cta__content-item elementor-content-item\">\n\t\t\t\t\t\tReferencer\t\t\t\t\t<\/h4>\n\t\t\t\t\n\t\t\t\t\n\t\t\t\t\t\t\t<\/div>\n\t\t\t\t\t\t<\/a>\n\t\t\t\t\t\t<\/div>\n\t\t\t\t<\/div>\n\t\t\t\t<\/div>\n\t\t\t\t\t<\/div>\n\t\t\t\t<\/div>\n\t\t<div class=\"elementor-element elementor-element-e6879bd e-con-full no-padding e-flex e-con e-parent\" data-id=\"e6879bd\" data-element_type=\"container\">\n\t\t\t\t<div class=\"elementor-element elementor-element-15b0def elementor-widget elementor-widget-template\" data-id=\"15b0def\" data-element_type=\"widget\" data-widget_type=\"template.default\">\n\t\t\t\t<div class=\"elementor-widget-container\">\n\t\t\t\t\t\t\t<div class=\"elementor-template\">\n\t\t\t\t\t<div data-elementor-type=\"container\" data-elementor-id=\"5165\" class=\"elementor elementor-5165\" data-elementor-post-type=\"elementor_library\">\n\t\t\t\t<div class=\"elementor-element elementor-element-293089d overlay white e-flex e-con-boxed e-con e-parent\" data-id=\"293089d\" data-element_type=\"container\" data-settings=\"{&quot;background_background&quot;:&quot;classic&quot;}\">\n\t\t\t\t\t<div class=\"e-con-inner\">\n\t\t\t\t<div class=\"elementor-element elementor-element-cb9870c elementor-widget__width-initial elementor-widget elementor-widget-text-editor\" data-id=\"cb9870c\" data-element_type=\"widget\" data-widget_type=\"text-editor.default\">\n\t\t\t\t<div class=\"elementor-widget-container\">\n\t\t\t\t\t\t\t\t\t<h3>Kontakt BRINKVANG ApS<\/h3><h4>Har du sp\u00f8rgsm\u00e5l? Kontakt mig og lad os tage en uforpligtende snak<\/h4><p>Finder du ikke nok informationer om din \u00f8nskede opgave her p\u00e5 hjemmesiden, er du altid meget velkommen til at kontakte mig til en uforpligtende snak og eventuelt et tilbud p\u00e5 opgaven.<\/p><p>Ring til mig p\u00e5 telefon <a href=\"tel:+45 30 43 96 18\" aria-label=\"Telefon nummer\">+45 30 43 96 18<\/a> eller send en mail til <a href=\"mailto:brinkvang@brinkvang.com\" aria-label=\"Email adresse\">brinkvang@brinkvang.com<\/a>.<\/p><p>Jeg besvarer din henvendelse hurtigst muligt.<\/p>\t\t\t\t\t\t\t\t<\/div>\n\t\t\t\t<\/div>\n\t\t\t\t<div class=\"elementor-element elementor-element-ffaa54e elementor-align-center cta elementor-widget elementor-widget-button\" data-id=\"ffaa54e\" data-element_type=\"widget\" data-widget_type=\"button.default\">\n\t\t\t\t<div class=\"elementor-widget-container\">\n\t\t\t\t\t\t\t\t\t<div class=\"elementor-button-wrapper\">\n\t\t\t\t\t<a class=\"elementor-button elementor-button-link elementor-size-sm\" href=\"\/kontakt\/\">\n\t\t\t\t\t\t<span class=\"elementor-button-content-wrapper\">\n\t\t\t\t\t\t\t\t\t<span class=\"elementor-button-text\">Kontakt mig i dag<\/span>\n\t\t\t\t\t<\/span>\n\t\t\t\t\t<\/a>\n\t\t\t\t<\/div>\n\t\t\t\t\t\t\t\t<\/div>\n\t\t\t\t<\/div>\n\t\t\t\t\t<\/div>\n\t\t\t\t<\/div>\n\t\t\t\t<\/div>\n\t\t\t\t<\/div>\n\t\t\t\t\t\t<\/div>\n\t\t\t\t<\/div>\n\t\t\t\t<\/div>\n\t\t\t\t<\/div>\n\t\t","protected":false},"excerpt":{"rendered":"<p>Tekniskproces knowhow i en vigtig oppetid Har i udfordringer med oppetiden p\u00e5 jeres maskiner og udstyr? Jeg tilbyder forbedret p\u00e5lidelighed og stabilitet p\u00e5 maskiner og udstyr i jeres Virksomhed. Praktisk hands-on og teoretisk tr\u00e6ning i struktureret fejlfinding inkl. \u00e5rsagsanalyse og probleml\u00f8sning, hvilket h\u00e6ver kompetencen og forbedrer oppetiden. Jeg udarbejder professionelle vedligeholdsplaner, hvilket betyder jeres maskiner &#8230; <a title=\"Salgsbrev Brinkvang ApS\" class=\"read-more\" href=\"https:\/\/brinkvang.com\/da\/salgsbrev\/\" aria-label=\"Read more about Salgsbrev Brinkvang ApS\">L\u00e6s Mere<\/a><\/p>\n","protected":false},"author":5,"featured_media":0,"parent":0,"menu_order":1000,"comment_status":"closed","ping_status":"closed","template":"","meta":{"_acf_changed":false,"footnotes":""},"categories":[],"class_list":["post-9399","page","type-page","status-publish"],"acf":[],"yoast_head":"<!-- This site is optimized with the Yoast SEO plugin v26.8 - https:\/\/yoast.com\/product\/yoast-seo-wordpress\/ -->\n<title>Salgsbrev Brinkvang ApS | BRINKVANG ApS<\/title>\n<meta name=\"robots\" content=\"index, follow, max-snippet:-1, max-image-preview:large, max-video-preview:-1\" \/>\n<link rel=\"canonical\" href=\"https:\/\/brinkvang.com\/da\/salgsbrev\/\" \/>\n<meta property=\"og:locale\" content=\"da_DK\" \/>\n<meta property=\"og:type\" content=\"article\" \/>\n<meta property=\"og:title\" content=\"Salgsbrev Brinkvang ApS | BRINKVANG ApS\" \/>\n<meta property=\"og:description\" content=\"Tekniskproces knowhow i en vigtig oppetid Har i udfordringer med oppetiden p\u00e5 jeres maskiner og udstyr? Jeg tilbyder forbedret p\u00e5lidelighed og stabilitet p\u00e5 maskiner og udstyr i jeres Virksomhed. Praktisk hands-on og teoretisk tr\u00e6ning i struktureret fejlfinding inkl. \u00e5rsagsanalyse og probleml\u00f8sning, hvilket h\u00e6ver kompetencen og forbedrer oppetiden. Jeg udarbejder professionelle vedligeholdsplaner, hvilket betyder jeres maskiner ... L\u00e6s Mere\" \/>\n<meta property=\"og:url\" content=\"https:\/\/brinkvang.com\/da\/salgsbrev\/\" \/>\n<meta property=\"og:site_name\" content=\"BRINKVANG ApS\" \/>\n<meta property=\"article:modified_time\" content=\"2025-05-27T09:54:48+00:00\" \/>\n<meta name=\"twitter:card\" content=\"summary_large_image\" \/>\n<meta name=\"twitter:label1\" content=\"Estimeret l\u00e6setid\" \/>\n\t<meta name=\"twitter:data1\" content=\"1 minut\" \/>\n<script type=\"application\/ld+json\" class=\"yoast-schema-graph\">{\"@context\":\"https:\/\/schema.org\",\"@graph\":[{\"@type\":\"WebPage\",\"@id\":\"https:\/\/brinkvang.com\/da\/salgsbrev\/\",\"url\":\"https:\/\/brinkvang.com\/da\/salgsbrev\/\",\"name\":\"Salgsbrev Brinkvang ApS | BRINKVANG ApS\",\"isPartOf\":{\"@id\":\"https:\/\/brinkvang.com\/da\/#website\"},\"datePublished\":\"2025-03-18T12:15:29+00:00\",\"dateModified\":\"2025-05-27T09:54:48+00:00\",\"breadcrumb\":{\"@id\":\"https:\/\/brinkvang.com\/da\/salgsbrev\/#breadcrumb\"},\"inLanguage\":\"da-DK\",\"potentialAction\":[{\"@type\":\"ReadAction\",\"target\":[\"https:\/\/brinkvang.com\/da\/salgsbrev\/\"]}]},{\"@type\":\"BreadcrumbList\",\"@id\":\"https:\/\/brinkvang.com\/da\/salgsbrev\/#breadcrumb\",\"itemListElement\":[{\"@type\":\"ListItem\",\"position\":1,\"name\":\"Forside\",\"item\":\"https:\/\/brinkvang.com\/da\/\"},{\"@type\":\"ListItem\",\"position\":2,\"name\":\"Salgsbrev Brinkvang ApS\"}]},{\"@type\":\"WebSite\",\"@id\":\"https:\/\/brinkvang.com\/da\/#website\",\"url\":\"https:\/\/brinkvang.com\/da\/\",\"name\":\"BRINKVANG ApS\",\"description\":\"Projektledelse med teknisk konsulent og senior advisor\",\"publisher\":{\"@id\":\"https:\/\/brinkvang.com\/da\/#organization\"},\"potentialAction\":[{\"@type\":\"SearchAction\",\"target\":{\"@type\":\"EntryPoint\",\"urlTemplate\":\"https:\/\/brinkvang.com\/da\/?s={search_term_string}\"},\"query-input\":{\"@type\":\"PropertyValueSpecification\",\"valueRequired\":true,\"valueName\":\"search_term_string\"}}],\"inLanguage\":\"da-DK\"},{\"@type\":\"Organization\",\"@id\":\"https:\/\/brinkvang.com\/da\/#organization\",\"name\":\"BRINKVANG ApS\",\"url\":\"https:\/\/brinkvang.com\/da\/\",\"logo\":{\"@type\":\"ImageObject\",\"inLanguage\":\"da-DK\",\"@id\":\"https:\/\/brinkvang.com\/da\/#\/schema\/logo\/image\/\",\"url\":\"https:\/\/brinkvang.com\/wp-content\/uploads\/2025\/03\/logo.png\",\"contentUrl\":\"https:\/\/brinkvang.com\/wp-content\/uploads\/2025\/03\/logo.png\",\"width\":939,\"height\":218,\"caption\":\"BRINKVANG ApS\"},\"image\":{\"@id\":\"https:\/\/brinkvang.com\/da\/#\/schema\/logo\/image\/\"}}]}<\/script>\n<!-- \/ Yoast SEO plugin. -->","yoast_head_json":{"title":"Salgsbrev Brinkvang ApS | BRINKVANG ApS","robots":{"index":"index","follow":"follow","max-snippet":"max-snippet:-1","max-image-preview":"max-image-preview:large","max-video-preview":"max-video-preview:-1"},"canonical":"https:\/\/brinkvang.com\/da\/salgsbrev\/","og_locale":"da_DK","og_type":"article","og_title":"Salgsbrev Brinkvang ApS | BRINKVANG ApS","og_description":"Tekniskproces knowhow i en vigtig oppetid Har i udfordringer med oppetiden p\u00e5 jeres maskiner og udstyr? Jeg tilbyder forbedret p\u00e5lidelighed og stabilitet p\u00e5 maskiner og udstyr i jeres Virksomhed. Praktisk hands-on og teoretisk tr\u00e6ning i struktureret fejlfinding inkl. \u00e5rsagsanalyse og probleml\u00f8sning, hvilket h\u00e6ver kompetencen og forbedrer oppetiden. Jeg udarbejder professionelle vedligeholdsplaner, hvilket betyder jeres maskiner ... L\u00e6s Mere","og_url":"https:\/\/brinkvang.com\/da\/salgsbrev\/","og_site_name":"BRINKVANG ApS","article_modified_time":"2025-05-27T09:54:48+00:00","twitter_card":"summary_large_image","twitter_misc":{"Estimeret l\u00e6setid":"1 minut"},"schema":{"@context":"https:\/\/schema.org","@graph":[{"@type":"WebPage","@id":"https:\/\/brinkvang.com\/da\/salgsbrev\/","url":"https:\/\/brinkvang.com\/da\/salgsbrev\/","name":"Salgsbrev Brinkvang ApS | BRINKVANG ApS","isPartOf":{"@id":"https:\/\/brinkvang.com\/da\/#website"},"datePublished":"2025-03-18T12:15:29+00:00","dateModified":"2025-05-27T09:54:48+00:00","breadcrumb":{"@id":"https:\/\/brinkvang.com\/da\/salgsbrev\/#breadcrumb"},"inLanguage":"da-DK","potentialAction":[{"@type":"ReadAction","target":["https:\/\/brinkvang.com\/da\/salgsbrev\/"]}]},{"@type":"BreadcrumbList","@id":"https:\/\/brinkvang.com\/da\/salgsbrev\/#breadcrumb","itemListElement":[{"@type":"ListItem","position":1,"name":"Forside","item":"https:\/\/brinkvang.com\/da\/"},{"@type":"ListItem","position":2,"name":"Salgsbrev Brinkvang ApS"}]},{"@type":"WebSite","@id":"https:\/\/brinkvang.com\/da\/#website","url":"https:\/\/brinkvang.com\/da\/","name":"BRINKVANG ApS","description":"Projektledelse med teknisk konsulent og senior advisor","publisher":{"@id":"https:\/\/brinkvang.com\/da\/#organization"},"potentialAction":[{"@type":"SearchAction","target":{"@type":"EntryPoint","urlTemplate":"https:\/\/brinkvang.com\/da\/?s={search_term_string}"},"query-input":{"@type":"PropertyValueSpecification","valueRequired":true,"valueName":"search_term_string"}}],"inLanguage":"da-DK"},{"@type":"Organization","@id":"https:\/\/brinkvang.com\/da\/#organization","name":"BRINKVANG ApS","url":"https:\/\/brinkvang.com\/da\/","logo":{"@type":"ImageObject","inLanguage":"da-DK","@id":"https:\/\/brinkvang.com\/da\/#\/schema\/logo\/image\/","url":"https:\/\/brinkvang.com\/wp-content\/uploads\/2025\/03\/logo.png","contentUrl":"https:\/\/brinkvang.com\/wp-content\/uploads\/2025\/03\/logo.png","width":939,"height":218,"caption":"BRINKVANG ApS"},"image":{"@id":"https:\/\/brinkvang.com\/da\/#\/schema\/logo\/image\/"}}]}},"_links":{"self":[{"href":"https:\/\/brinkvang.com\/da\/wp-json\/wp\/v2\/pages\/9399","targetHints":{"allow":["GET"]}}],"collection":[{"href":"https:\/\/brinkvang.com\/da\/wp-json\/wp\/v2\/pages"}],"about":[{"href":"https:\/\/brinkvang.com\/da\/wp-json\/wp\/v2\/types\/page"}],"author":[{"embeddable":true,"href":"https:\/\/brinkvang.com\/da\/wp-json\/wp\/v2\/users\/5"}],"replies":[{"embeddable":true,"href":"https:\/\/brinkvang.com\/da\/wp-json\/wp\/v2\/comments?post=9399"}],"version-history":[{"count":19,"href":"https:\/\/brinkvang.com\/da\/wp-json\/wp\/v2\/pages\/9399\/revisions"}],"predecessor-version":[{"id":9816,"href":"https:\/\/brinkvang.com\/da\/wp-json\/wp\/v2\/pages\/9399\/revisions\/9816"}],"wp:attachment":[{"href":"https:\/\/brinkvang.com\/da\/wp-json\/wp\/v2\/media?parent=9399"}],"wp:term":[{"taxonomy":"category","embeddable":true,"href":"https:\/\/brinkvang.com\/da\/wp-json\/wp\/v2\/categories?post=9399"}],"curies":[{"name":"wp","href":"https:\/\/api.w.org\/{rel}","templated":true}]}}