{"id":61,"date":"2020-02-12T13:11:38","date_gmt":"2020-02-12T12:11:38","guid":{"rendered":"https:\/\/BRINKVANG%20ApS%20ApS.webserver9.dk\/?page_id=61"},"modified":"2025-04-28T10:16:07","modified_gmt":"2025-04-28T08:16:07","slug":"kontakt","status":"publish","type":"page","link":"https:\/\/brinkvang.com\/da\/kontakt\/","title":{"rendered":"Kontakt"},"content":{"rendered":"\t\t<div data-elementor-type=\"wp-page\" data-elementor-id=\"61\" class=\"elementor elementor-61\" data-elementor-post-type=\"page\">\n\t\t\t\t<div class=\"elementor-element elementor-element-293c5c0b e-con-full no-padding e-flex e-con e-parent\" data-id=\"293c5c0b\" data-element_type=\"container\">\n\t\t\t\t<div class=\"elementor-element elementor-element-cb5c06a elementor-widget elementor-widget-template\" data-id=\"cb5c06a\" data-element_type=\"widget\" data-widget_type=\"template.default\">\n\t\t\t\t<div class=\"elementor-widget-container\">\n\t\t\t\t\t\t\t<div class=\"elementor-template\">\n\t\t\t\t\t<div data-elementor-type=\"container\" data-elementor-id=\"6563\" class=\"elementor elementor-6563\" data-elementor-post-type=\"elementor_library\">\n\t\t\t\t<div class=\"elementor-element elementor-element-6b499f1f e-con-full no-padding e-flex e-con e-parent\" data-id=\"6b499f1f\" data-element_type=\"container\">\n\t\t\t\t<div class=\"elementor-element elementor-element-1ecbb66 elementor-widget elementor-widget-template\" data-id=\"1ecbb66\" data-element_type=\"widget\" data-widget_type=\"template.default\">\n\t\t\t\t<div class=\"elementor-widget-container\">\n\t\t\t\t\t\t\t<div class=\"elementor-template\">\n\t\t\t\t\t<div data-elementor-type=\"container\" data-elementor-id=\"6542\" class=\"elementor elementor-6542\" data-elementor-post-type=\"elementor_library\">\n\t\t\t\t<div class=\"elementor-element elementor-element-2bc4b5ab white e-flex e-con-boxed e-con e-parent\" data-id=\"2bc4b5ab\" data-element_type=\"container\" data-settings=\"{&quot;background_background&quot;:&quot;classic&quot;}\">\n\t\t\t\t\t<div class=\"e-con-inner\">\n\t\t\t\t<div class=\"elementor-element elementor-element-1d645c29 elementor-icon-list--layout-inline elementor-align-center elementor-list-item-link-full_width elementor-widget elementor-widget-icon-list\" data-id=\"1d645c29\" data-element_type=\"widget\" data-widget_type=\"icon-list.default\">\n\t\t\t\t<div class=\"elementor-widget-container\">\n\t\t\t\t\t\t\t<ul class=\"elementor-icon-list-items elementor-inline-items\">\n\t\t\t\t\t\t\t<li class=\"elementor-icon-list-item elementor-inline-item\">\n\t\t\t\t\t\t\t\t\t\t<span class=\"elementor-icon-list-text\"><a href=\"tel:+45 30 43 96 18\" aria-label=\"Telefon nummer\">+45 30 43 96 18<\/a><\/span>\n\t\t\t\t\t\t\t\t\t<\/li>\n\t\t\t\t\t\t\t\t<li class=\"elementor-icon-list-item elementor-inline-item\">\n\t\t\t\t\t\t\t\t\t\t<span class=\"elementor-icon-list-text\"><a href=\"mailto:brinkvang@brinkvang.com\" aria-label=\"Email adresse\">brinkvang@brinkvang.com<\/a><\/span>\n\t\t\t\t\t\t\t\t\t<\/li>\n\t\t\t\t\t\t<\/ul>\n\t\t\t\t\t\t<\/div>\n\t\t\t\t<\/div>\n\t\t\t\t\t<\/div>\n\t\t\t\t<\/div>\n\t\t\t\t<\/div>\n\t\t\t\t<\/div>\n\t\t\t\t\t\t<\/div>\n\t\t\t\t<\/div>\n\t\t\t\t<\/div>\n\t\t\t\t<\/div>\n\t\t\t\t<\/div>\n\t\t\t\t\t\t<\/div>\n\t\t\t\t<\/div>\n\t\t\t\t<\/div>\n\t\t<div class=\"elementor-element elementor-element-36839408 e-flex e-con-boxed e-con e-parent\" data-id=\"36839408\" data-element_type=\"container\">\n\t\t\t\t\t<div class=\"e-con-inner\">\n\t\t<div class=\"elementor-element elementor-element-4410f24e e-con-full no-padding e-flex e-con e-child\" data-id=\"4410f24e\" data-element_type=\"container\" data-settings=\"{&quot;background_background&quot;:&quot;classic&quot;}\">\n\t\t<div class=\"elementor-element elementor-element-f096162 e-con-full light padding e-flex e-con e-child\" data-id=\"f096162\" data-element_type=\"container\">\n\t\t\t\t<div class=\"elementor-element elementor-element-57c7c892 elementor-widget elementor-widget-text-editor\" data-id=\"57c7c892\" data-element_type=\"widget\" data-widget_type=\"text-editor.default\">\n\t\t\t\t<div class=\"elementor-widget-container\">\n\t\t\t\t\t\t\t\t\t<h3>Vores kontaktinformationer<\/h3><p><strong>BRINKVANG ApS<\/strong><br \/><a href=\"https:\/\/www.google.com\/maps\/place\/Irisvej 27, 7100 Vejle\" target=\"_blank\" aria-label=\"Adresse\">Irisvej 27, 7100 Vejle<\/a><\/p><p><a href=\"tel:+45 30 43 96 18\" aria-label=\"Telefon nummer\">+45 30 43 96 18<\/a><br \/><a href=\"mailto:brinkvang@brinkvang.com\" aria-label=\"Email adresse\">brinkvang@brinkvang.com<\/a><\/p><p>CVR nr.: 44928426<\/p>\t\t\t\t\t\t\t\t<\/div>\n\t\t\t\t<\/div>\n\t\t\t\t<div class=\"elementor-element elementor-element-1f4275f elementor-widget elementor-widget-image\" data-id=\"1f4275f\" data-element_type=\"widget\" data-widget_type=\"image.default\">\n\t\t\t\t<div class=\"elementor-widget-container\">\n\t\t\t\t\t\t\t\t\t\t\t\t\t\t\t<img fetchpriority=\"high\" decoding=\"async\" width=\"1000\" height=\"807\" src=\"https:\/\/brinkvang.com\/wp-content\/uploads\/2025\/04\/BRINKVANG-PC-1000x807.jpg\" class=\"attachment-large size-large wp-image-9604\" alt=\"\" srcset=\"https:\/\/brinkvang.com\/wp-content\/uploads\/2025\/04\/BRINKVANG-PC-1000x807.jpg 1000w, https:\/\/brinkvang.com\/wp-content\/uploads\/2025\/04\/BRINKVANG-PC-500x403.jpg 500w, https:\/\/brinkvang.com\/wp-content\/uploads\/2025\/04\/BRINKVANG-PC-768x620.jpg 768w, https:\/\/brinkvang.com\/wp-content\/uploads\/2025\/04\/BRINKVANG-PC-1536x1240.jpg 1536w, https:\/\/brinkvang.com\/wp-content\/uploads\/2025\/04\/BRINKVANG-PC.jpg 1777w\" sizes=\"(max-width: 1000px) 100vw, 1000px\" \/>\t\t\t\t\t\t\t\t\t\t\t\t\t\t\t<\/div>\n\t\t\t\t<\/div>\n\t\t\t\t<\/div>\n\t\t<div class=\"elementor-element elementor-element-260bdb7a e-con-full padding e-flex e-con e-child\" data-id=\"260bdb7a\" data-element_type=\"container\">\n\t\t\t\t<div class=\"elementor-element elementor-element-275e203d elementor-widget elementor-widget-heading\" data-id=\"275e203d\" data-element_type=\"widget\" data-widget_type=\"heading.default\">\n\t\t\t\t<div class=\"elementor-widget-container\">\n\t\t\t\t\t<p class=\"elementor-heading-title elementor-size-default\">Udfyld kontaktformularen her<\/p>\t\t\t\t<\/div>\n\t\t\t\t<\/div>\n\t\t\t\t<div class=\"elementor-element elementor-element-2e7968d8 elementor-widget__width-inherit elementor-widget elementor-widget-shortcode\" data-id=\"2e7968d8\" data-element_type=\"widget\" data-widget_type=\"shortcode.default\">\n\t\t\t\t<div class=\"elementor-widget-container\">\n\t\t\t\t\t\t\t<div class=\"elementor-shortcode\"><form id=\"forminator-module-66\" class=\"forminator-custom-form forminator-custom-form-66\" method=\"post\" data-forminator-render=\"0\" data-uid=\"69f29a331cdfc\"><div role=\"alert\" aria-live=\"polite\" class=\"forminator-response-message forminator-error\" aria-hidden=\"true\"><\/div><\/form><\/div>\n\t\t\t\t\t\t<\/div>\n\t\t\t\t<\/div>\n\t\t\t\t<\/div>\n\t\t\t\t<\/div>\n\t\t\t\t\t<\/div>\n\t\t\t\t<\/div>\n\t\t<div class=\"elementor-element elementor-element-4a36d6dc e-con-full no-padding e-flex e-con e-parent\" data-id=\"4a36d6dc\" data-element_type=\"container\">\n\t\t\t\t<div class=\"elementor-element elementor-element-4a633266 elementor-widget elementor-widget-google_maps\" data-id=\"4a633266\" data-element_type=\"widget\" data-widget_type=\"google_maps.default\">\n\t\t\t\t<div class=\"elementor-widget-container\">\n\t\t\t\t\t\t\t<div class=\"elementor-custom-embed\">\n\t\t\t<iframe loading=\"lazy\"\n\t\t\t\t\tsrc=\"https:\/\/maps.google.com\/maps?q=Irisvej%2027%2C%207100%20Vejle&#038;t=m&#038;z=10&#038;output=embed&#038;iwloc=near\"\n\t\t\t\t\ttitle=\"Irisvej 27, 7100 Vejle\"\n\t\t\t\t\taria-label=\"Irisvej 27, 7100 Vejle\"\n\t\t\t><\/iframe>\n\t\t<\/div>\n\t\t\t\t\t\t<\/div>\n\t\t\t\t<\/div>\n\t\t\t\t<\/div>\n\t\t\t\t<\/div>\n\t\t","protected":false},"excerpt":{"rendered":"<p>Har du sp\u00f8rgsm\u00e5l eller kommentarer? Kontakt os i dag for at h\u00f8re mere om, hvad vi kan g\u00f8re for dig.<\/p>\n","protected":false},"author":1,"featured_media":0,"parent":0,"menu_order":0,"comment_status":"closed","ping_status":"closed","template":"","meta":{"_acf_changed":false,"footnotes":""},"categories":[],"class_list":["post-61","page","type-page","status-publish"],"acf":[],"yoast_head":"<!-- This site is optimized with the Yoast SEO plugin v26.8 - https:\/\/yoast.com\/product\/yoast-seo-wordpress\/ -->\n<title>Kontakt | BRINKVANG ApS<\/title>\n<meta name=\"robots\" content=\"index, follow, max-snippet:-1, max-image-preview:large, max-video-preview:-1\" \/>\n<link rel=\"canonical\" href=\"https:\/\/brinkvang.com\/da\/kontakt\/\" \/>\n<meta property=\"og:locale\" content=\"da_DK\" \/>\n<meta property=\"og:type\" content=\"article\" \/>\n<meta property=\"og:title\" content=\"Kontakt | BRINKVANG ApS\" \/>\n<meta property=\"og:description\" content=\"Har du sp\u00f8rgsm\u00e5l eller kommentarer? Kontakt os i dag for at h\u00f8re mere om, hvad vi kan g\u00f8re for dig.\" \/>\n<meta property=\"og:url\" content=\"https:\/\/brinkvang.com\/da\/kontakt\/\" \/>\n<meta property=\"og:site_name\" content=\"BRINKVANG ApS\" \/>\n<meta property=\"article:modified_time\" content=\"2025-04-28T08:16:07+00:00\" \/>\n<meta property=\"og:image\" content=\"https:\/\/brinkvang.com\/wp-content\/uploads\/2025\/04\/BRINKVANG-PC-1000x807.jpg\" \/>\n<meta name=\"twitter:card\" content=\"summary_large_image\" \/>\n<meta name=\"twitter:label1\" content=\"Estimeret l\u00e6setid\" \/>\n\t<meta name=\"twitter:data1\" content=\"1 minut\" \/>\n<script type=\"application\/ld+json\" class=\"yoast-schema-graph\">{\"@context\":\"https:\/\/schema.org\",\"@graph\":[{\"@type\":\"WebPage\",\"@id\":\"https:\/\/brinkvang.com\/da\/kontakt\/\",\"url\":\"https:\/\/brinkvang.com\/da\/kontakt\/\",\"name\":\"Kontakt | BRINKVANG ApS\",\"isPartOf\":{\"@id\":\"https:\/\/brinkvang.com\/da\/#website\"},\"primaryImageOfPage\":{\"@id\":\"https:\/\/brinkvang.com\/da\/kontakt\/#primaryimage\"},\"image\":{\"@id\":\"https:\/\/brinkvang.com\/da\/kontakt\/#primaryimage\"},\"thumbnailUrl\":\"https:\/\/brinkvang.com\/wp-content\/uploads\/2025\/04\/BRINKVANG-PC-1000x807.jpg\",\"datePublished\":\"2020-02-12T12:11:38+00:00\",\"dateModified\":\"2025-04-28T08:16:07+00:00\",\"breadcrumb\":{\"@id\":\"https:\/\/brinkvang.com\/da\/kontakt\/#breadcrumb\"},\"inLanguage\":\"da-DK\",\"potentialAction\":[{\"@type\":\"ReadAction\",\"target\":[\"https:\/\/brinkvang.com\/da\/kontakt\/\"]}]},{\"@type\":\"ImageObject\",\"inLanguage\":\"da-DK\",\"@id\":\"https:\/\/brinkvang.com\/da\/kontakt\/#primaryimage\",\"url\":\"https:\/\/brinkvang.com\/wp-content\/uploads\/2025\/04\/BRINKVANG-PC-1000x807.jpg\",\"contentUrl\":\"https:\/\/brinkvang.com\/wp-content\/uploads\/2025\/04\/BRINKVANG-PC-1000x807.jpg\"},{\"@type\":\"BreadcrumbList\",\"@id\":\"https:\/\/brinkvang.com\/da\/kontakt\/#breadcrumb\",\"itemListElement\":[{\"@type\":\"ListItem\",\"position\":1,\"name\":\"Forside\",\"item\":\"https:\/\/brinkvang.com\/da\/\"},{\"@type\":\"ListItem\",\"position\":2,\"name\":\"Kontakt\"}]},{\"@type\":\"WebSite\",\"@id\":\"https:\/\/brinkvang.com\/da\/#website\",\"url\":\"https:\/\/brinkvang.com\/da\/\",\"name\":\"BRINKVANG ApS\",\"description\":\"Projektledelse med teknisk konsulent og senior advisor\",\"publisher\":{\"@id\":\"https:\/\/brinkvang.com\/da\/#organization\"},\"potentialAction\":[{\"@type\":\"SearchAction\",\"target\":{\"@type\":\"EntryPoint\",\"urlTemplate\":\"https:\/\/brinkvang.com\/da\/?s={search_term_string}\"},\"query-input\":{\"@type\":\"PropertyValueSpecification\",\"valueRequired\":true,\"valueName\":\"search_term_string\"}}],\"inLanguage\":\"da-DK\"},{\"@type\":\"Organization\",\"@id\":\"https:\/\/brinkvang.com\/da\/#organization\",\"name\":\"BRINKVANG ApS\",\"url\":\"https:\/\/brinkvang.com\/da\/\",\"logo\":{\"@type\":\"ImageObject\",\"inLanguage\":\"da-DK\",\"@id\":\"https:\/\/brinkvang.com\/da\/#\/schema\/logo\/image\/\",\"url\":\"https:\/\/brinkvang.com\/wp-content\/uploads\/2025\/03\/logo.png\",\"contentUrl\":\"https:\/\/brinkvang.com\/wp-content\/uploads\/2025\/03\/logo.png\",\"width\":939,\"height\":218,\"caption\":\"BRINKVANG ApS\"},\"image\":{\"@id\":\"https:\/\/brinkvang.com\/da\/#\/schema\/logo\/image\/\"}}]}<\/script>\n<!-- \/ Yoast SEO plugin. -->","yoast_head_json":{"title":"Kontakt | BRINKVANG ApS","robots":{"index":"index","follow":"follow","max-snippet":"max-snippet:-1","max-image-preview":"max-image-preview:large","max-video-preview":"max-video-preview:-1"},"canonical":"https:\/\/brinkvang.com\/da\/kontakt\/","og_locale":"da_DK","og_type":"article","og_title":"Kontakt | BRINKVANG ApS","og_description":"Har du sp\u00f8rgsm\u00e5l eller kommentarer? Kontakt os i dag for at h\u00f8re mere om, hvad vi kan g\u00f8re for dig.","og_url":"https:\/\/brinkvang.com\/da\/kontakt\/","og_site_name":"BRINKVANG ApS","article_modified_time":"2025-04-28T08:16:07+00:00","og_image":[{"url":"https:\/\/brinkvang.com\/wp-content\/uploads\/2025\/04\/BRINKVANG-PC-1000x807.jpg","type":"","width":"","height":""}],"twitter_card":"summary_large_image","twitter_misc":{"Estimeret l\u00e6setid":"1 minut"},"schema":{"@context":"https:\/\/schema.org","@graph":[{"@type":"WebPage","@id":"https:\/\/brinkvang.com\/da\/kontakt\/","url":"https:\/\/brinkvang.com\/da\/kontakt\/","name":"Kontakt | BRINKVANG ApS","isPartOf":{"@id":"https:\/\/brinkvang.com\/da\/#website"},"primaryImageOfPage":{"@id":"https:\/\/brinkvang.com\/da\/kontakt\/#primaryimage"},"image":{"@id":"https:\/\/brinkvang.com\/da\/kontakt\/#primaryimage"},"thumbnailUrl":"https:\/\/brinkvang.com\/wp-content\/uploads\/2025\/04\/BRINKVANG-PC-1000x807.jpg","datePublished":"2020-02-12T12:11:38+00:00","dateModified":"2025-04-28T08:16:07+00:00","breadcrumb":{"@id":"https:\/\/brinkvang.com\/da\/kontakt\/#breadcrumb"},"inLanguage":"da-DK","potentialAction":[{"@type":"ReadAction","target":["https:\/\/brinkvang.com\/da\/kontakt\/"]}]},{"@type":"ImageObject","inLanguage":"da-DK","@id":"https:\/\/brinkvang.com\/da\/kontakt\/#primaryimage","url":"https:\/\/brinkvang.com\/wp-content\/uploads\/2025\/04\/BRINKVANG-PC-1000x807.jpg","contentUrl":"https:\/\/brinkvang.com\/wp-content\/uploads\/2025\/04\/BRINKVANG-PC-1000x807.jpg"},{"@type":"BreadcrumbList","@id":"https:\/\/brinkvang.com\/da\/kontakt\/#breadcrumb","itemListElement":[{"@type":"ListItem","position":1,"name":"Forside","item":"https:\/\/brinkvang.com\/da\/"},{"@type":"ListItem","position":2,"name":"Kontakt"}]},{"@type":"WebSite","@id":"https:\/\/brinkvang.com\/da\/#website","url":"https:\/\/brinkvang.com\/da\/","name":"BRINKVANG ApS","description":"Projektledelse med teknisk konsulent og senior advisor","publisher":{"@id":"https:\/\/brinkvang.com\/da\/#organization"},"potentialAction":[{"@type":"SearchAction","target":{"@type":"EntryPoint","urlTemplate":"https:\/\/brinkvang.com\/da\/?s={search_term_string}"},"query-input":{"@type":"PropertyValueSpecification","valueRequired":true,"valueName":"search_term_string"}}],"inLanguage":"da-DK"},{"@type":"Organization","@id":"https:\/\/brinkvang.com\/da\/#organization","name":"BRINKVANG ApS","url":"https:\/\/brinkvang.com\/da\/","logo":{"@type":"ImageObject","inLanguage":"da-DK","@id":"https:\/\/brinkvang.com\/da\/#\/schema\/logo\/image\/","url":"https:\/\/brinkvang.com\/wp-content\/uploads\/2025\/03\/logo.png","contentUrl":"https:\/\/brinkvang.com\/wp-content\/uploads\/2025\/03\/logo.png","width":939,"height":218,"caption":"BRINKVANG ApS"},"image":{"@id":"https:\/\/brinkvang.com\/da\/#\/schema\/logo\/image\/"}}]}},"_links":{"self":[{"href":"https:\/\/brinkvang.com\/da\/wp-json\/wp\/v2\/pages\/61","targetHints":{"allow":["GET"]}}],"collection":[{"href":"https:\/\/brinkvang.com\/da\/wp-json\/wp\/v2\/pages"}],"about":[{"href":"https:\/\/brinkvang.com\/da\/wp-json\/wp\/v2\/types\/page"}],"author":[{"embeddable":true,"href":"https:\/\/brinkvang.com\/da\/wp-json\/wp\/v2\/users\/1"}],"replies":[{"embeddable":true,"href":"https:\/\/brinkvang.com\/da\/wp-json\/wp\/v2\/comments?post=61"}],"version-history":[{"count":9,"href":"https:\/\/brinkvang.com\/da\/wp-json\/wp\/v2\/pages\/61\/revisions"}],"predecessor-version":[{"id":9611,"href":"https:\/\/brinkvang.com\/da\/wp-json\/wp\/v2\/pages\/61\/revisions\/9611"}],"wp:attachment":[{"href":"https:\/\/brinkvang.com\/da\/wp-json\/wp\/v2\/media?parent=61"}],"wp:term":[{"taxonomy":"category","embeddable":true,"href":"https:\/\/brinkvang.com\/da\/wp-json\/wp\/v2\/categories?post=61"}],"curies":[{"name":"wp","href":"https:\/\/api.w.org\/{rel}","templated":true}]}}