{"id":4047,"date":"2023-04-21T07:44:05","date_gmt":"2023-04-21T05:44:05","guid":{"rendered":"https:\/\/BRINKVANG%20ApS%20ApS.webserver9.dk\/?page_id=4047"},"modified":"2025-05-19T13:37:52","modified_gmt":"2025-05-19T11:37:52","slug":"referencer","status":"publish","type":"page","link":"https:\/\/brinkvang.com\/da\/referencer\/","title":{"rendered":"Referencer Brinkvang ApS"},"content":{"rendered":"\t\t<div data-elementor-type=\"wp-page\" data-elementor-id=\"4047\" class=\"elementor elementor-4047\" data-elementor-post-type=\"page\">\n\t\t\t\t<div class=\"elementor-element elementor-element-1cdea461 e-con-full no-padding e-flex e-con e-parent\" data-id=\"1cdea461\" data-element_type=\"container\">\n\t\t\t\t<div class=\"elementor-element elementor-element-a2f292d elementor-widget elementor-widget-template\" data-id=\"a2f292d\" data-element_type=\"widget\" data-widget_type=\"template.default\">\n\t\t\t\t<div class=\"elementor-widget-container\">\n\t\t\t\t\t\t\t<div class=\"elementor-template\">\n\t\t\t\t\t<div data-elementor-type=\"container\" data-elementor-id=\"6563\" class=\"elementor elementor-6563\" data-elementor-post-type=\"elementor_library\">\n\t\t\t\t<div class=\"elementor-element elementor-element-6b499f1f e-con-full no-padding e-flex e-con e-parent\" data-id=\"6b499f1f\" data-element_type=\"container\">\n\t\t\t\t<div class=\"elementor-element elementor-element-1ecbb66 elementor-widget elementor-widget-template\" data-id=\"1ecbb66\" data-element_type=\"widget\" data-widget_type=\"template.default\">\n\t\t\t\t<div class=\"elementor-widget-container\">\n\t\t\t\t\t\t\t<div class=\"elementor-template\">\n\t\t\t\t\t<div data-elementor-type=\"container\" data-elementor-id=\"6542\" class=\"elementor elementor-6542\" data-elementor-post-type=\"elementor_library\">\n\t\t\t\t<div class=\"elementor-element elementor-element-2bc4b5ab white e-flex e-con-boxed e-con e-parent\" data-id=\"2bc4b5ab\" data-element_type=\"container\" data-settings=\"{&quot;background_background&quot;:&quot;classic&quot;}\">\n\t\t\t\t\t<div class=\"e-con-inner\">\n\t\t\t\t<div class=\"elementor-element elementor-element-1d645c29 elementor-icon-list--layout-inline elementor-align-center elementor-list-item-link-full_width elementor-widget elementor-widget-icon-list\" data-id=\"1d645c29\" data-element_type=\"widget\" data-widget_type=\"icon-list.default\">\n\t\t\t\t<div class=\"elementor-widget-container\">\n\t\t\t\t\t\t\t<ul class=\"elementor-icon-list-items elementor-inline-items\">\n\t\t\t\t\t\t\t<li class=\"elementor-icon-list-item elementor-inline-item\">\n\t\t\t\t\t\t\t\t\t\t<span class=\"elementor-icon-list-text\"><a href=\"tel:+45 30 43 96 18\" aria-label=\"Telefon nummer\">+45 30 43 96 18<\/a><\/span>\n\t\t\t\t\t\t\t\t\t<\/li>\n\t\t\t\t\t\t\t\t<li class=\"elementor-icon-list-item elementor-inline-item\">\n\t\t\t\t\t\t\t\t\t\t<span class=\"elementor-icon-list-text\"><a href=\"mailto:brinkvang@brinkvang.com\" aria-label=\"Email adresse\">brinkvang@brinkvang.com<\/a><\/span>\n\t\t\t\t\t\t\t\t\t<\/li>\n\t\t\t\t\t\t<\/ul>\n\t\t\t\t\t\t<\/div>\n\t\t\t\t<\/div>\n\t\t\t\t\t<\/div>\n\t\t\t\t<\/div>\n\t\t\t\t<\/div>\n\t\t\t\t<\/div>\n\t\t\t\t\t\t<\/div>\n\t\t\t\t<\/div>\n\t\t\t\t<\/div>\n\t\t\t\t<\/div>\n\t\t\t\t<\/div>\n\t\t\t\t\t\t<\/div>\n\t\t\t\t<\/div>\n\t\t\t\t<\/div>\n\t\t<div class=\"elementor-element elementor-element-3f00a978 e-flex e-con-boxed e-con e-parent\" data-id=\"3f00a978\" data-element_type=\"container\">\n\t\t\t\t\t<div class=\"e-con-inner\">\n\t\t<div class=\"elementor-element elementor-element-5a053587 e-con-full e-flex e-con e-child\" data-id=\"5a053587\" data-element_type=\"container\">\n\t\t\t\t<div class=\"elementor-element elementor-element-25203bb2 elementor-widget elementor-widget-gallery\" data-id=\"25203bb2\" data-element_type=\"widget\" data-settings=\"{&quot;gap&quot;:{&quot;unit&quot;:&quot;px&quot;,&quot;size&quot;:30,&quot;sizes&quot;:[]},&quot;aspect_ratio&quot;:&quot;1:1&quot;,&quot;columns_tablet&quot;:3,&quot;columns_mobile&quot;:2,&quot;gap_tablet&quot;:{&quot;unit&quot;:&quot;px&quot;,&quot;size&quot;:15,&quot;sizes&quot;:[]},&quot;gap_mobile&quot;:{&quot;unit&quot;:&quot;px&quot;,&quot;size&quot;:15,&quot;sizes&quot;:[]},&quot;columns&quot;:2,&quot;lazyload&quot;:&quot;yes&quot;,&quot;gallery_layout&quot;:&quot;grid&quot;,&quot;gap_laptop&quot;:{&quot;unit&quot;:&quot;px&quot;,&quot;size&quot;:10,&quot;sizes&quot;:[]},&quot;link_to&quot;:&quot;file&quot;,&quot;content_hover_animation&quot;:&quot;fade-in&quot;}\" data-widget_type=\"gallery.default\">\n\t\t\t\t<div class=\"elementor-widget-container\">\n\t\t\t\t\t\t\t<div class=\"elementor-gallery__container\">\n\t\t\t\t\t\t\t<a class=\"e-gallery-item elementor-gallery-item elementor-animated-content\" href=\"https:\/\/brinkvang.com\/wp-content\/uploads\/2025\/04\/Picture4-scaled.jpg\" data-elementor-open-lightbox=\"yes\" data-elementor-lightbox-slideshow=\"25203bb2\" data-e-action-hash=\"#elementor-action%3Aaction%3Dlightbox%26settings%3DeyJpZCI6OTY0MiwidXJsIjoiaHR0cHM6XC9cL2JyaW5rdmFuZy5jb21cL3dwLWNvbnRlbnRcL3VwbG9hZHNcLzIwMjVcLzA0XC9QaWN0dXJlNC1zY2FsZWQuanBnIiwic2xpZGVzaG93IjoiMjUyMDNiYjIifQ%3D%3D\" data-rel=\"-image-0\" data-rl_title=\"\" data-rl_caption=\"\" title=\"\">\n\t\t\t\t\t<div class=\"e-gallery-image elementor-gallery-item__image\" data-thumbnail=\"https:\/\/brinkvang.com\/wp-content\/uploads\/2025\/04\/Picture4-scaled.jpg\" data-width=\"1453\" data-height=\"2048\" aria-label=\"\" role=\"img\" ><\/div>\n\t\t\t\t\t\t\t\t\t\t\t\t\t\t<\/a>\n\t\t\t\t\t\t\t<a class=\"e-gallery-item elementor-gallery-item elementor-animated-content\" href=\"https:\/\/brinkvang.com\/wp-content\/uploads\/2025\/04\/Picture3.png\" data-elementor-open-lightbox=\"yes\" data-elementor-lightbox-slideshow=\"25203bb2\" data-e-action-hash=\"#elementor-action%3Aaction%3Dlightbox%26settings%3DeyJpZCI6OTY0NCwidXJsIjoiaHR0cHM6XC9cL2JyaW5rdmFuZy5jb21cL3dwLWNvbnRlbnRcL3VwbG9hZHNcLzIwMjVcLzA0XC9QaWN0dXJlMy5wbmciLCJzbGlkZXNob3ciOiIyNTIwM2JiMiJ9\" data-rel=\"-image-1\" data-rl_title=\"\" data-rl_caption=\"\" title=\"\">\n\t\t\t\t\t<div class=\"e-gallery-image elementor-gallery-item__image\" data-thumbnail=\"https:\/\/brinkvang.com\/wp-content\/uploads\/2025\/04\/Picture3.png\" data-width=\"622\" data-height=\"896\" aria-label=\"\" role=\"img\" ><\/div>\n\t\t\t\t\t\t\t\t\t\t\t\t\t\t<\/a>\n\t\t\t\t\t\t\t<a class=\"e-gallery-item elementor-gallery-item elementor-animated-content\" href=\"https:\/\/brinkvang.com\/wp-content\/uploads\/2025\/04\/Picture2.png\" data-elementor-open-lightbox=\"yes\" data-elementor-lightbox-slideshow=\"25203bb2\" data-e-action-hash=\"#elementor-action%3Aaction%3Dlightbox%26settings%3DeyJpZCI6OTY0NiwidXJsIjoiaHR0cHM6XC9cL2JyaW5rdmFuZy5jb21cL3dwLWNvbnRlbnRcL3VwbG9hZHNcLzIwMjVcLzA0XC9QaWN0dXJlMi5wbmciLCJzbGlkZXNob3ciOiIyNTIwM2JiMiJ9\" data-rel=\"-image-2\" data-rl_title=\"\" data-rl_caption=\"\" title=\"\">\n\t\t\t\t\t<div class=\"e-gallery-image elementor-gallery-item__image\" data-thumbnail=\"https:\/\/brinkvang.com\/wp-content\/uploads\/2025\/04\/Picture2.png\" data-width=\"648\" data-height=\"682\" aria-label=\"\" role=\"img\" ><\/div>\n\t\t\t\t\t\t\t\t\t\t\t\t\t\t<\/a>\n\t\t\t\t\t\t\t<a class=\"e-gallery-item elementor-gallery-item elementor-animated-content\" href=\"https:\/\/brinkvang.com\/wp-content\/uploads\/2025\/04\/Picture1.png\" data-elementor-open-lightbox=\"yes\" data-elementor-lightbox-slideshow=\"25203bb2\" data-e-action-hash=\"#elementor-action%3Aaction%3Dlightbox%26settings%3DeyJpZCI6OTY0OCwidXJsIjoiaHR0cHM6XC9cL2JyaW5rdmFuZy5jb21cL3dwLWNvbnRlbnRcL3VwbG9hZHNcLzIwMjVcLzA0XC9QaWN0dXJlMS5wbmciLCJzbGlkZXNob3ciOiIyNTIwM2JiMiJ9\" data-rel=\"-image-3\" data-rl_title=\"\" data-rl_caption=\"\" title=\"\">\n\t\t\t\t\t<div class=\"e-gallery-image elementor-gallery-item__image\" data-thumbnail=\"https:\/\/brinkvang.com\/wp-content\/uploads\/2025\/04\/Picture1.png\" data-width=\"635\" data-height=\"835\" aria-label=\"\" role=\"img\" ><\/div>\n\t\t\t\t\t\t\t\t\t\t\t\t\t\t<\/a>\n\t\t\t\t\t<\/div>\n\t\t\t\t\t<\/div>\n\t\t\t\t<\/div>\n\t\t\t\t<\/div>\n\t\t<div class=\"elementor-element elementor-element-6cf78456 e-con-full e-flex e-con e-child\" data-id=\"6cf78456\" data-element_type=\"container\">\n\t\t\t\t<div class=\"elementor-element elementor-element-3bcf8320 dark elementor-widget elementor-widget-sidebar\" data-id=\"3bcf8320\" data-element_type=\"widget\" data-widget_type=\"sidebar.default\">\n\t\t\t\t<div class=\"elementor-widget-container\">\n\t\t\t\t\t<aside id=\"text-10\" class=\"widget-odd widget-first widget-1 widget inner-padding widget_text\"><h2 class=\"widget-title\">Vil du h\u00f8re mere?<\/h2>\t\t\t<div class=\"textwidget\"><p>Udfyld formularen og jeg vender tilbage til dig hurtigst muligt.<\/p>\n<\/div>\n\t\t<\/aside><aside id=\"forminator_widget-2\" class=\"widget-even widget-2 widget inner-padding widget_forminator_widget\"><form id=\"forminator-module-66\" class=\"forminator-custom-form forminator-custom-form-66\" method=\"post\" data-forminator-render=\"0\" data-uid=\"69f287b07cefc\"><div role=\"alert\" aria-live=\"polite\" class=\"forminator-response-message forminator-error\" aria-hidden=\"true\"><\/div><\/form><\/aside>\t\t\t\t<\/div>\n\t\t\t\t<\/div>\n\t\t\t\t<\/div>\n\t\t\t\t\t<\/div>\n\t\t\t\t<\/div>\n\t\t<div class=\"elementor-element elementor-element-a5c2621 light e-flex e-con-boxed e-con e-parent\" data-id=\"a5c2621\" data-element_type=\"container\">\n\t\t\t\t\t<div class=\"e-con-inner\">\n\t\t<div class=\"elementor-element elementor-element-dad1522 e-con-full e-flex e-con e-child\" data-id=\"dad1522\" data-element_type=\"container\">\n\t\t\t\t<div class=\"elementor-element elementor-element-d049835 elementor-cta--skin-cover elementor-widget__width-inherit elementor-cta--valign-top elementor-bg-transform elementor-bg-transform-zoom-in elementor-widget elementor-widget-call-to-action\" data-id=\"d049835\" data-element_type=\"widget\" data-widget_type=\"call-to-action.default\">\n\t\t\t\t<div class=\"elementor-widget-container\">\n\t\t\t\t\t\t\t<a class=\"elementor-cta\" href=\"https:\/\/brinkvang.com\/da\/salgsbrev\/\">\n\t\t\t\t\t<div class=\"elementor-cta__bg-wrapper\">\n\t\t\t\t<div class=\"elementor-cta__bg elementor-bg\" style=\"background-image: url(https:\/\/brinkvang.com\/wp-content\/uploads\/2025\/03\/GettyImages-2166573931.jpg);\" role=\"img\" aria-label=\"Reflection Of People On Glass Window\"><\/div>\n\t\t\t\t<div class=\"elementor-cta__bg-overlay\"><\/div>\n\t\t\t<\/div>\n\t\t\t\t\t\t\t<div class=\"elementor-cta__content\">\n\t\t\t\t\n\t\t\t\t\t\t\t\t\t<h4 class=\"elementor-cta__title elementor-cta__content-item elementor-content-item\">\n\t\t\t\t\t\tSalgsbrev\t\t\t\t\t<\/h4>\n\t\t\t\t\n\t\t\t\t\n\t\t\t\t\t\t\t<\/div>\n\t\t\t\t\t\t<\/a>\n\t\t\t\t\t\t<\/div>\n\t\t\t\t<\/div>\n\t\t\t\t<\/div>\n\t\t<div class=\"elementor-element elementor-element-88f7910 e-con-full e-flex e-con e-child\" data-id=\"88f7910\" data-element_type=\"container\">\n\t\t\t\t<div class=\"elementor-element elementor-element-5f868c0 elementor-cta--skin-cover elementor-widget__width-inherit elementor-cta--valign-top elementor-bg-transform elementor-bg-transform-zoom-in elementor-widget elementor-widget-call-to-action\" data-id=\"5f868c0\" data-element_type=\"widget\" data-widget_type=\"call-to-action.default\">\n\t\t\t\t<div class=\"elementor-widget-container\">\n\t\t\t\t\t\t\t<a class=\"elementor-cta\" href=\"https:\/\/brinkvang.com\/da\/kunder-og-samarbejdspartnere\/\">\n\t\t\t\t\t<div class=\"elementor-cta__bg-wrapper\">\n\t\t\t\t<div class=\"elementor-cta__bg elementor-bg\" style=\"background-image: url(https:\/\/brinkvang.com\/wp-content\/uploads\/2025\/03\/GettyImages-1916729901.jpg);\" role=\"img\" aria-label=\"Meeting success. Two business persons shaking hands standing outside\"><\/div>\n\t\t\t\t<div class=\"elementor-cta__bg-overlay\"><\/div>\n\t\t\t<\/div>\n\t\t\t\t\t\t\t<div class=\"elementor-cta__content\">\n\t\t\t\t\n\t\t\t\t\t\t\t\t\t<h4 class=\"elementor-cta__title elementor-cta__content-item elementor-content-item\">\n\t\t\t\t\t\tKunder \/ samarbejds<wbr>partnere\t\t\t\t\t<\/h4>\n\t\t\t\t\n\t\t\t\t\n\t\t\t\t\t\t\t<\/div>\n\t\t\t\t\t\t<\/a>\n\t\t\t\t\t\t<\/div>\n\t\t\t\t<\/div>\n\t\t\t\t<\/div>\n\t\t<div class=\"elementor-element elementor-element-6d6eb97 e-con-full e-flex e-con e-child\" data-id=\"6d6eb97\" data-element_type=\"container\">\n\t\t\t\t<div class=\"elementor-element elementor-element-f338c38 elementor-cta--skin-cover elementor-widget__width-inherit elementor-cta--valign-top elementor-bg-transform elementor-bg-transform-zoom-in elementor-widget elementor-widget-call-to-action\" data-id=\"f338c38\" data-element_type=\"widget\" data-widget_type=\"call-to-action.default\">\n\t\t\t\t<div class=\"elementor-widget-container\">\n\t\t\t\t\t\t\t<a class=\"elementor-cta\" href=\"https:\/\/brinkvang.com\/da\/one-pager\/\">\n\t\t\t\t\t<div class=\"elementor-cta__bg-wrapper\">\n\t\t\t\t<div class=\"elementor-cta__bg elementor-bg\" style=\"background-image: url(https:\/\/brinkvang.com\/wp-content\/uploads\/2025\/03\/GettyImages-1291968449.jpg);\" role=\"img\" aria-label=\"A worker in a factory working on a traditional milling machine\"><\/div>\n\t\t\t\t<div class=\"elementor-cta__bg-overlay\"><\/div>\n\t\t\t<\/div>\n\t\t\t\t\t\t\t<div class=\"elementor-cta__content\">\n\t\t\t\t\n\t\t\t\t\t\t\t\t\t<h4 class=\"elementor-cta__title elementor-cta__content-item elementor-content-item\">\n\t\t\t\t\t\tOne-pager\t\t\t\t\t<\/h4>\n\t\t\t\t\n\t\t\t\t\n\t\t\t\t\t\t\t<\/div>\n\t\t\t\t\t\t<\/a>\n\t\t\t\t\t\t<\/div>\n\t\t\t\t<\/div>\n\t\t\t\t<\/div>\n\t\t<div class=\"elementor-element elementor-element-7cad75c e-con-full e-flex e-con e-child\" data-id=\"7cad75c\" data-element_type=\"container\">\n\t\t\t\t<div class=\"elementor-element elementor-element-b31ed47 elementor-cta--skin-cover elementor-widget__width-inherit elementor-cta--valign-top elementor-bg-transform elementor-bg-transform-zoom-in elementor-widget elementor-widget-call-to-action\" data-id=\"b31ed47\" data-element_type=\"widget\" data-widget_type=\"call-to-action.default\">\n\t\t\t\t<div class=\"elementor-widget-container\">\n\t\t\t\t\t\t\t<a class=\"elementor-cta\" href=\"https:\/\/brinkvang.com\/da\/referencer\/\">\n\t\t\t\t\t<div class=\"elementor-cta__bg-wrapper\">\n\t\t\t\t<div class=\"elementor-cta__bg elementor-bg\" style=\"background-image: url(https:\/\/brinkvang.com\/wp-content\/uploads\/2025\/03\/GettyImages-920286610.jpg);\" role=\"img\" aria-label=\"The auto mechanic deconstructs the internal combustion engine for diagnosis&amp;repair. Closeup.\"><\/div>\n\t\t\t\t<div class=\"elementor-cta__bg-overlay\"><\/div>\n\t\t\t<\/div>\n\t\t\t\t\t\t\t<div class=\"elementor-cta__content\">\n\t\t\t\t\n\t\t\t\t\t\t\t\t\t<h4 class=\"elementor-cta__title elementor-cta__content-item elementor-content-item\">\n\t\t\t\t\t\tReferencer\t\t\t\t\t<\/h4>\n\t\t\t\t\n\t\t\t\t\n\t\t\t\t\t\t\t<\/div>\n\t\t\t\t\t\t<\/a>\n\t\t\t\t\t\t<\/div>\n\t\t\t\t<\/div>\n\t\t\t\t<\/div>\n\t\t\t\t\t<\/div>\n\t\t\t\t<\/div>\n\t\t<div class=\"elementor-element elementor-element-12214f70 e-con-full no-padding e-flex e-con e-parent\" data-id=\"12214f70\" data-element_type=\"container\">\n\t\t\t\t<div class=\"elementor-element elementor-element-3c1454fe elementor-widget elementor-widget-template\" data-id=\"3c1454fe\" data-element_type=\"widget\" data-widget_type=\"template.default\">\n\t\t\t\t<div class=\"elementor-widget-container\">\n\t\t\t\t\t\t\t<div class=\"elementor-template\">\n\t\t\t\t\t<div data-elementor-type=\"container\" data-elementor-id=\"5165\" class=\"elementor elementor-5165\" data-elementor-post-type=\"elementor_library\">\n\t\t\t\t<div class=\"elementor-element elementor-element-293089d overlay white e-flex e-con-boxed e-con e-parent\" data-id=\"293089d\" data-element_type=\"container\" data-settings=\"{&quot;background_background&quot;:&quot;classic&quot;}\">\n\t\t\t\t\t<div class=\"e-con-inner\">\n\t\t\t\t<div class=\"elementor-element elementor-element-cb9870c elementor-widget__width-initial elementor-widget elementor-widget-text-editor\" data-id=\"cb9870c\" data-element_type=\"widget\" data-widget_type=\"text-editor.default\">\n\t\t\t\t<div class=\"elementor-widget-container\">\n\t\t\t\t\t\t\t\t\t<h3>Kontakt BRINKVANG ApS<\/h3><h4>Har du sp\u00f8rgsm\u00e5l? Kontakt mig og lad os tage en uforpligtende snak<\/h4><p>Finder du ikke nok informationer om din \u00f8nskede opgave her p\u00e5 hjemmesiden, er du altid meget velkommen til at kontakte mig til en uforpligtende snak og eventuelt et tilbud p\u00e5 opgaven.<\/p><p>Ring til mig p\u00e5 telefon <a href=\"tel:+45 30 43 96 18\" aria-label=\"Telefon nummer\">+45 30 43 96 18<\/a> eller send en mail til <a href=\"mailto:brinkvang@brinkvang.com\" aria-label=\"Email adresse\">brinkvang@brinkvang.com<\/a>.<\/p><p>Jeg besvarer din henvendelse hurtigst muligt.<\/p>\t\t\t\t\t\t\t\t<\/div>\n\t\t\t\t<\/div>\n\t\t\t\t<div class=\"elementor-element elementor-element-ffaa54e elementor-align-center cta elementor-widget elementor-widget-button\" data-id=\"ffaa54e\" data-element_type=\"widget\" data-widget_type=\"button.default\">\n\t\t\t\t<div class=\"elementor-widget-container\">\n\t\t\t\t\t\t\t\t\t<div class=\"elementor-button-wrapper\">\n\t\t\t\t\t<a class=\"elementor-button elementor-button-link elementor-size-sm\" href=\"\/kontakt\/\">\n\t\t\t\t\t\t<span class=\"elementor-button-content-wrapper\">\n\t\t\t\t\t\t\t\t\t<span class=\"elementor-button-text\">Kontakt mig i dag<\/span>\n\t\t\t\t\t<\/span>\n\t\t\t\t\t<\/a>\n\t\t\t\t<\/div>\n\t\t\t\t\t\t\t\t<\/div>\n\t\t\t\t<\/div>\n\t\t\t\t\t<\/div>\n\t\t\t\t<\/div>\n\t\t\t\t<\/div>\n\t\t\t\t<\/div>\n\t\t\t\t\t\t<\/div>\n\t\t\t\t<\/div>\n\t\t\t\t<\/div>\n\t\t\t\t<\/div>\n\t\t","protected":false},"excerpt":{"rendered":"<p>Salgsbrev Kunder \/ samarbejdspartnere One-pager Referencer<\/p>\n","protected":false},"author":1,"featured_media":0,"parent":0,"menu_order":0,"comment_status":"closed","ping_status":"closed","template":"","meta":{"_acf_changed":false,"footnotes":""},"categories":[],"class_list":["post-4047","page","type-page","status-publish"],"acf":[],"yoast_head":"<!-- This site is optimized with the Yoast SEO plugin v26.8 - https:\/\/yoast.com\/product\/yoast-seo-wordpress\/ -->\n<title>Referencer Brinkvang ApS | BRINKVANG ApS<\/title>\n<meta name=\"robots\" content=\"index, follow, max-snippet:-1, max-image-preview:large, max-video-preview:-1\" \/>\n<link rel=\"canonical\" href=\"https:\/\/brinkvang.com\/da\/referencer\/\" \/>\n<meta property=\"og:locale\" content=\"da_DK\" \/>\n<meta property=\"og:type\" content=\"article\" \/>\n<meta property=\"og:title\" content=\"Referencer Brinkvang ApS | BRINKVANG ApS\" \/>\n<meta property=\"og:description\" content=\"Salgsbrev Kunder \/ samarbejdspartnere One-pager Referencer\" \/>\n<meta property=\"og:url\" content=\"https:\/\/brinkvang.com\/da\/referencer\/\" \/>\n<meta property=\"og:site_name\" content=\"BRINKVANG ApS\" \/>\n<meta property=\"article:modified_time\" content=\"2025-05-19T11:37:52+00:00\" \/>\n<meta name=\"twitter:card\" content=\"summary_large_image\" \/>\n<meta name=\"twitter:label1\" content=\"Estimeret l\u00e6setid\" \/>\n\t<meta name=\"twitter:data1\" content=\"1 minut\" \/>\n<script type=\"application\/ld+json\" class=\"yoast-schema-graph\">{\"@context\":\"https:\/\/schema.org\",\"@graph\":[{\"@type\":\"WebPage\",\"@id\":\"https:\/\/brinkvang.com\/da\/referencer\/\",\"url\":\"https:\/\/brinkvang.com\/da\/referencer\/\",\"name\":\"Referencer Brinkvang ApS | BRINKVANG ApS\",\"isPartOf\":{\"@id\":\"https:\/\/brinkvang.com\/da\/#website\"},\"datePublished\":\"2023-04-21T05:44:05+00:00\",\"dateModified\":\"2025-05-19T11:37:52+00:00\",\"breadcrumb\":{\"@id\":\"https:\/\/brinkvang.com\/da\/referencer\/#breadcrumb\"},\"inLanguage\":\"da-DK\",\"potentialAction\":[{\"@type\":\"ReadAction\",\"target\":[\"https:\/\/brinkvang.com\/da\/referencer\/\"]}]},{\"@type\":\"BreadcrumbList\",\"@id\":\"https:\/\/brinkvang.com\/da\/referencer\/#breadcrumb\",\"itemListElement\":[{\"@type\":\"ListItem\",\"position\":1,\"name\":\"Forside\",\"item\":\"https:\/\/brinkvang.com\/da\/\"},{\"@type\":\"ListItem\",\"position\":2,\"name\":\"Referencer Brinkvang ApS\"}]},{\"@type\":\"WebSite\",\"@id\":\"https:\/\/brinkvang.com\/da\/#website\",\"url\":\"https:\/\/brinkvang.com\/da\/\",\"name\":\"BRINKVANG ApS\",\"description\":\"Projektledelse med teknisk konsulent og senior advisor\",\"publisher\":{\"@id\":\"https:\/\/brinkvang.com\/da\/#organization\"},\"potentialAction\":[{\"@type\":\"SearchAction\",\"target\":{\"@type\":\"EntryPoint\",\"urlTemplate\":\"https:\/\/brinkvang.com\/da\/?s={search_term_string}\"},\"query-input\":{\"@type\":\"PropertyValueSpecification\",\"valueRequired\":true,\"valueName\":\"search_term_string\"}}],\"inLanguage\":\"da-DK\"},{\"@type\":\"Organization\",\"@id\":\"https:\/\/brinkvang.com\/da\/#organization\",\"name\":\"BRINKVANG ApS\",\"url\":\"https:\/\/brinkvang.com\/da\/\",\"logo\":{\"@type\":\"ImageObject\",\"inLanguage\":\"da-DK\",\"@id\":\"https:\/\/brinkvang.com\/da\/#\/schema\/logo\/image\/\",\"url\":\"https:\/\/brinkvang.com\/wp-content\/uploads\/2025\/03\/logo.png\",\"contentUrl\":\"https:\/\/brinkvang.com\/wp-content\/uploads\/2025\/03\/logo.png\",\"width\":939,\"height\":218,\"caption\":\"BRINKVANG ApS\"},\"image\":{\"@id\":\"https:\/\/brinkvang.com\/da\/#\/schema\/logo\/image\/\"}}]}<\/script>\n<!-- \/ Yoast SEO plugin. -->","yoast_head_json":{"title":"Referencer Brinkvang ApS | BRINKVANG ApS","robots":{"index":"index","follow":"follow","max-snippet":"max-snippet:-1","max-image-preview":"max-image-preview:large","max-video-preview":"max-video-preview:-1"},"canonical":"https:\/\/brinkvang.com\/da\/referencer\/","og_locale":"da_DK","og_type":"article","og_title":"Referencer Brinkvang ApS | BRINKVANG ApS","og_description":"Salgsbrev Kunder \/ samarbejdspartnere One-pager Referencer","og_url":"https:\/\/brinkvang.com\/da\/referencer\/","og_site_name":"BRINKVANG ApS","article_modified_time":"2025-05-19T11:37:52+00:00","twitter_card":"summary_large_image","twitter_misc":{"Estimeret l\u00e6setid":"1 minut"},"schema":{"@context":"https:\/\/schema.org","@graph":[{"@type":"WebPage","@id":"https:\/\/brinkvang.com\/da\/referencer\/","url":"https:\/\/brinkvang.com\/da\/referencer\/","name":"Referencer Brinkvang ApS | BRINKVANG ApS","isPartOf":{"@id":"https:\/\/brinkvang.com\/da\/#website"},"datePublished":"2023-04-21T05:44:05+00:00","dateModified":"2025-05-19T11:37:52+00:00","breadcrumb":{"@id":"https:\/\/brinkvang.com\/da\/referencer\/#breadcrumb"},"inLanguage":"da-DK","potentialAction":[{"@type":"ReadAction","target":["https:\/\/brinkvang.com\/da\/referencer\/"]}]},{"@type":"BreadcrumbList","@id":"https:\/\/brinkvang.com\/da\/referencer\/#breadcrumb","itemListElement":[{"@type":"ListItem","position":1,"name":"Forside","item":"https:\/\/brinkvang.com\/da\/"},{"@type":"ListItem","position":2,"name":"Referencer Brinkvang ApS"}]},{"@type":"WebSite","@id":"https:\/\/brinkvang.com\/da\/#website","url":"https:\/\/brinkvang.com\/da\/","name":"BRINKVANG ApS","description":"Projektledelse med teknisk konsulent og senior advisor","publisher":{"@id":"https:\/\/brinkvang.com\/da\/#organization"},"potentialAction":[{"@type":"SearchAction","target":{"@type":"EntryPoint","urlTemplate":"https:\/\/brinkvang.com\/da\/?s={search_term_string}"},"query-input":{"@type":"PropertyValueSpecification","valueRequired":true,"valueName":"search_term_string"}}],"inLanguage":"da-DK"},{"@type":"Organization","@id":"https:\/\/brinkvang.com\/da\/#organization","name":"BRINKVANG ApS","url":"https:\/\/brinkvang.com\/da\/","logo":{"@type":"ImageObject","inLanguage":"da-DK","@id":"https:\/\/brinkvang.com\/da\/#\/schema\/logo\/image\/","url":"https:\/\/brinkvang.com\/wp-content\/uploads\/2025\/03\/logo.png","contentUrl":"https:\/\/brinkvang.com\/wp-content\/uploads\/2025\/03\/logo.png","width":939,"height":218,"caption":"BRINKVANG ApS"},"image":{"@id":"https:\/\/brinkvang.com\/da\/#\/schema\/logo\/image\/"}}]}},"_links":{"self":[{"href":"https:\/\/brinkvang.com\/da\/wp-json\/wp\/v2\/pages\/4047","targetHints":{"allow":["GET"]}}],"collection":[{"href":"https:\/\/brinkvang.com\/da\/wp-json\/wp\/v2\/pages"}],"about":[{"href":"https:\/\/brinkvang.com\/da\/wp-json\/wp\/v2\/types\/page"}],"author":[{"embeddable":true,"href":"https:\/\/brinkvang.com\/da\/wp-json\/wp\/v2\/users\/1"}],"replies":[{"embeddable":true,"href":"https:\/\/brinkvang.com\/da\/wp-json\/wp\/v2\/comments?post=4047"}],"version-history":[{"count":13,"href":"https:\/\/brinkvang.com\/da\/wp-json\/wp\/v2\/pages\/4047\/revisions"}],"predecessor-version":[{"id":9720,"href":"https:\/\/brinkvang.com\/da\/wp-json\/wp\/v2\/pages\/4047\/revisions\/9720"}],"wp:attachment":[{"href":"https:\/\/brinkvang.com\/da\/wp-json\/wp\/v2\/media?parent=4047"}],"wp:term":[{"taxonomy":"category","embeddable":true,"href":"https:\/\/brinkvang.com\/da\/wp-json\/wp\/v2\/categories?post=4047"}],"curies":[{"name":"wp","href":"https:\/\/api.w.org\/{rel}","templated":true}]}}